{"id":62712,"date":"2022-10-05T17:07:11","date_gmt":"2022-10-05T15:51:29","guid":{"rendered":"https:\/\/kingarms.ee\/product\/nij-tason-3a-ballistinen-kypara-malli-fast\/"},"modified":"2024-08-08T13:46:57","modified_gmt":"2024-08-08T10:46:57","slug":"nij-taso-3a-ballistinen-helmet-malli-nopea-2","status":"publish","type":"product","link":"https:\/\/kingarms.ee\/fi\/product\/nij-taso-3a-ballistinen-helmet-malli-nopea-2\/","title":{"rendered":"NIJ-tason 3A ballistinen kyp\u00e4r\u00e4 &#8211; malli &#8221;FAST&#8221;."},"content":{"rendered":"<p><img loading=\"lazy\" decoding=\"async\" class=\"alignnone size-medium wp-image-62699\" src=\"https:\/\/kingarms.ee\/wp-content\/uploads\/2022\/10\/kranos-antibalistiko-protection-group-pgd-arch-helmet-me-boa-dialer-800x800-1-300x300.jpeg\" alt=\"\" width=\"300\" height=\"300\" srcset=\"https:\/\/kingarms.ee\/wp-content\/uploads\/2022\/10\/kranos-antibalistiko-protection-group-pgd-arch-helmet-me-boa-dialer-800x800-1-300x300.jpeg 300w, https:\/\/kingarms.ee\/wp-content\/uploads\/2022\/10\/kranos-antibalistiko-protection-group-pgd-arch-helmet-me-boa-dialer-800x800-1-150x150.jpeg 150w, https:\/\/kingarms.ee\/wp-content\/uploads\/2022\/10\/kranos-antibalistiko-protection-group-pgd-arch-helmet-me-boa-dialer-800x800-1-768x768.jpeg 768w, https:\/\/kingarms.ee\/wp-content\/uploads\/2022\/10\/kranos-antibalistiko-protection-group-pgd-arch-helmet-me-boa-dialer-800x800-1-500x500.jpeg 500w, https:\/\/kingarms.ee\/wp-content\/uploads\/2022\/10\/kranos-antibalistiko-protection-group-pgd-arch-helmet-me-boa-dialer-800x800-1.jpeg 800w\" sizes=\"auto, (max-width: 300px) 100vw, 300px\" \/><\/p>\n","protected":false},"excerpt":{"rendered":"<div class=\"cxmmr5t8 oygrvhab hcukyx3x c1et5uql o9v6fnle\">Luodinkest\u00e4v\u00e4 NIJA IIIA (9mm ja .44 magnum solid) ballistinen kyp\u00e4r\u00e4.<\/div>\n<div class=\"cxmmr5t8 oygrvhab hcukyx3x c1et5uql o9v6fnle\">Materiaali: Kevlar \/ Aramidi tai UHMWPE<\/div>\n<div class=\"cxmmr5t8 oygrvhab hcukyx3x c1et5uql o9v6fnle\">BOA-s\u00e4\u00e4din<\/div>\n<div class=\"cxmmr5t8 oygrvhab hcukyx3x c1et5uql o9v6fnle\">Kyp\u00e4r\u00e4tyyli: FAST<\/div>\n<div class=\"cxmmr5t8 oygrvhab hcukyx3x c1et5uql o9v6fnle\">Paino: 1,55kg<\/div>\n<div class=\"cxmmr5t8 oygrvhab hcukyx3x c1et5uql o9v6fnle\">Sivuilla ja edess\u00e4 on tavalliset rei\u00e4t lis\u00e4varusteiden (lamppu, y\u00f6n\u00e4k\u00f6laite jne.) kiinnitt\u00e4mist\u00e4 varten.<\/div>\n","protected":false},"featured_media":67580,"template":"","meta":{"_acf_changed":false},"product_brand":[],"product_cat":[638,503,261],"product_tag":[],"class_list":{"0":"post-62712","1":"product","2":"type-product","3":"status-publish","4":"has-post-thumbnail","6":"product_cat-ballistinen","7":"product_cat-ballistiset-varusteet","8":"product_cat-kyparat","10":"first","11":"instock","12":"taxable","13":"shipping-taxable","14":"purchasable","15":"product-type-variable"},"acf":[],"_links":{"self":[{"href":"https:\/\/kingarms.ee\/fi\/wp-json\/wp\/v2\/product\/62712","targetHints":{"allow":["GET"]}}],"collection":[{"href":"https:\/\/kingarms.ee\/fi\/wp-json\/wp\/v2\/product"}],"about":[{"href":"https:\/\/kingarms.ee\/fi\/wp-json\/wp\/v2\/types\/product"}],"wp:featuredmedia":[{"embeddable":true,"href":"https:\/\/kingarms.ee\/fi\/wp-json\/wp\/v2\/media\/67580"}],"wp:attachment":[{"href":"https:\/\/kingarms.ee\/fi\/wp-json\/wp\/v2\/media?parent=62712"}],"wp:term":[{"taxonomy":"product_brand","embeddable":true,"href":"https:\/\/kingarms.ee\/fi\/wp-json\/wp\/v2\/product_brand?post=62712"},{"taxonomy":"product_cat","embeddable":true,"href":"https:\/\/kingarms.ee\/fi\/wp-json\/wp\/v2\/product_cat?post=62712"},{"taxonomy":"product_tag","embeddable":true,"href":"https:\/\/kingarms.ee\/fi\/wp-json\/wp\/v2\/product_tag?post=62712"}],"curies":[{"name":"wp","href":"https:\/\/api.w.org\/{rel}","templated":true}]}}