{"id":62720,"date":"2022-10-05T19:03:03","date_gmt":"2022-10-05T16:05:43","guid":{"rendered":"https:\/\/kingarms.ee\/product\/nij-tason-3a-ballistinen-kypara-malli-pasgt\/"},"modified":"2024-08-08T13:46:14","modified_gmt":"2024-08-08T10:46:14","slug":"nij-taso-3a-ballistinen-kyparamalli-pasgt-pasgt","status":"publish","type":"product","link":"https:\/\/kingarms.ee\/fi\/product\/nij-taso-3a-ballistinen-kyparamalli-pasgt-pasgt\/","title":{"rendered":"NIJ-tason 3A ballistinen kyp\u00e4r\u00e4 &#8211; malli PASGT"},"content":{"rendered":"<p><img loading=\"lazy\" decoding=\"async\" class=\"alignnone size-medium wp-image-62717\" src=\"https:\/\/kingarms.ee\/wp-content\/uploads\/2022\/10\/ballistischer-schutzhelm-combat--300x297.jpg\" alt=\"\" width=\"300\" height=\"297\" srcset=\"https:\/\/kingarms.ee\/wp-content\/uploads\/2022\/10\/ballistischer-schutzhelm-combat--300x297.jpg 300w, https:\/\/kingarms.ee\/wp-content\/uploads\/2022\/10\/ballistischer-schutzhelm-combat--150x148.jpg 150w, https:\/\/kingarms.ee\/wp-content\/uploads\/2022\/10\/ballistischer-schutzhelm-combat--500x494.jpg 500w, https:\/\/kingarms.ee\/wp-content\/uploads\/2022\/10\/ballistischer-schutzhelm-combat-.jpg 700w\" sizes=\"auto, (max-width: 300px) 100vw, 300px\" \/><\/p>\n","protected":false},"excerpt":{"rendered":"<div class=\"cxmmr5t8 oygrvhab hcukyx3x c1et5uql o9v6fnle\">Luodinkest\u00e4v\u00e4 NIJA IIIA (9mm ja .44 magnum solid) ballistinen kyp\u00e4r\u00e4.<\/div>\n<div class=\"cxmmr5t8 oygrvhab hcukyx3x c1et5uql o9v6fnle\"><\/div>\n<div class=\"cxmmr5t8 oygrvhab hcukyx3x c1et5uql o9v6fnle\">Materiaali: Kevlar \/ Aramidi tai UHMWPE<\/div>\n<div class=\"cxmmr5t8 oygrvhab hcukyx3x c1et5uql o9v6fnle\">BOA-s\u00e4\u00e4din<\/div>\n<div class=\"cxmmr5t8 oygrvhab hcukyx3x c1et5uql o9v6fnle\">Paino: 1.7kg<\/div>\n","protected":false},"featured_media":62717,"template":"","meta":{"_acf_changed":false},"product_brand":[],"product_cat":[261,638,503],"product_tag":[],"class_list":{"0":"post-62720","1":"product","2":"type-product","3":"status-publish","4":"has-post-thumbnail","6":"product_cat-kyparat","7":"product_cat-ballistinen","8":"product_cat-ballistiset-varusteet","10":"first","11":"onbackorder","12":"taxable","13":"shipping-taxable","14":"product-type-variable"},"acf":[],"_links":{"self":[{"href":"https:\/\/kingarms.ee\/fi\/wp-json\/wp\/v2\/product\/62720","targetHints":{"allow":["GET"]}}],"collection":[{"href":"https:\/\/kingarms.ee\/fi\/wp-json\/wp\/v2\/product"}],"about":[{"href":"https:\/\/kingarms.ee\/fi\/wp-json\/wp\/v2\/types\/product"}],"wp:featuredmedia":[{"embeddable":true,"href":"https:\/\/kingarms.ee\/fi\/wp-json\/wp\/v2\/media\/62717"}],"wp:attachment":[{"href":"https:\/\/kingarms.ee\/fi\/wp-json\/wp\/v2\/media?parent=62720"}],"wp:term":[{"taxonomy":"product_brand","embeddable":true,"href":"https:\/\/kingarms.ee\/fi\/wp-json\/wp\/v2\/product_brand?post=62720"},{"taxonomy":"product_cat","embeddable":true,"href":"https:\/\/kingarms.ee\/fi\/wp-json\/wp\/v2\/product_cat?post=62720"},{"taxonomy":"product_tag","embeddable":true,"href":"https:\/\/kingarms.ee\/fi\/wp-json\/wp\/v2\/product_tag?post=62720"}],"curies":[{"name":"wp","href":"https:\/\/api.w.org\/{rel}","templated":true}]}}