{"id":63296,"date":"2022-10-10T15:26:23","date_gmt":"2022-10-10T12:39:33","guid":{"rendered":"https:\/\/kingarms.ee\/product\/compound-bow-fossil-30-70-lbs-man-kung\/"},"modified":"2024-08-08T13:19:32","modified_gmt":"2024-08-08T10:19:32","slug":"man-kung-compound-jousi-fossil-30-70-lbs-man-kung-man-kung","status":"publish","type":"product","link":"https:\/\/kingarms.ee\/fi\/product\/man-kung-compound-jousi-fossil-30-70-lbs-man-kung-man-kung\/","title":{"rendered":"Compound Bow Fossil 30-70 Lbs  [Man Kung]"},"content":{"rendered":"","protected":false},"excerpt":{"rendered":"<p>Compound Bow Fossil 30-70 Lbs [Man Kung]<\/p>\n<p>Yhdistelm\u00e4jousen fossiili<br \/>\ns\u00e4\u00e4dett\u00e4v\u00e4 vetopaino 30-70 lbs<br \/>\nvetopituus 25&#8243;-31&#8243;<br \/>\nnopeus 295 fps<br \/>\nakselista akseliin 31&#8243;<br \/>\nkannattimen korkeus 7,5&#8243;<br \/>\np\u00e4\u00e4st\u00e4\u00e4 75-80%<br \/>\nalumiininen nousuputki<br \/>\nkuituoptinen t\u00e4ht\u00e4in<br \/>\npaino 1900g<br \/>\nvaha ja 2x alumiininen 30&#8243; nuoli mukana.<\/p>\n","protected":false},"featured_media":63045,"template":"","meta":{"_acf_changed":false},"product_brand":[],"product_cat":[803,257],"product_tag":[],"class_list":{"0":"post-63296","1":"product","2":"type-product","3":"status-publish","4":"has-post-thumbnail","6":"product_cat-jouset","7":"product_cat-keula-ja-pitkajousi","9":"first","10":"instock","11":"sale","12":"purchasable","13":"product-type-simple"},"acf":[],"_links":{"self":[{"href":"https:\/\/kingarms.ee\/fi\/wp-json\/wp\/v2\/product\/63296","targetHints":{"allow":["GET"]}}],"collection":[{"href":"https:\/\/kingarms.ee\/fi\/wp-json\/wp\/v2\/product"}],"about":[{"href":"https:\/\/kingarms.ee\/fi\/wp-json\/wp\/v2\/types\/product"}],"wp:featuredmedia":[{"embeddable":true,"href":"https:\/\/kingarms.ee\/fi\/wp-json\/wp\/v2\/media\/63045"}],"wp:attachment":[{"href":"https:\/\/kingarms.ee\/fi\/wp-json\/wp\/v2\/media?parent=63296"}],"wp:term":[{"taxonomy":"product_brand","embeddable":true,"href":"https:\/\/kingarms.ee\/fi\/wp-json\/wp\/v2\/product_brand?post=63296"},{"taxonomy":"product_cat","embeddable":true,"href":"https:\/\/kingarms.ee\/fi\/wp-json\/wp\/v2\/product_cat?post=63296"},{"taxonomy":"product_tag","embeddable":true,"href":"https:\/\/kingarms.ee\/fi\/wp-json\/wp\/v2\/product_tag?post=63296"}],"curies":[{"name":"wp","href":"https:\/\/api.w.org\/{rel}","templated":true}]}}