{"id":63314,"date":"2022-10-10T15:26:33","date_gmt":"2022-10-10T12:39:38","guid":{"rendered":"https:\/\/kingarms.ee\/product\/kaksikaistainen-vhf-uhf-fm-radio-baofeng\/"},"modified":"2024-08-08T13:06:18","modified_gmt":"2024-08-08T10:06:18","slug":"baofeng-dual-band-vhf-uhf-fm-radio-2","status":"publish","type":"product","link":"https:\/\/kingarms.ee\/fi\/product\/baofeng-dual-band-vhf-uhf-fm-radio-2\/","title":{"rendered":"Kaksikaistainen Vhf\/uhf Fm-radio  [Baofeng]"},"content":{"rendered":"","protected":false},"excerpt":{"rendered":"<p>Kaksitaajuuksinen vhf\/uhf-fm-radio<br \/>\n128 kanavaa<br \/>\ntaajuusalue:<br \/>\n&#8211; vhf 136-174 MHz<br \/>\n&#8211; uhf 400-470 mhz<br \/>\n&#8211; fm 65-108mhz<br \/>\nl\u00e4hetysteho: 10w &#8211; 5w<br \/>\nantennin impedanssi: 50\u03c9<br \/>\nvalaistu lcd-n\u00e4ytt\u00f6<br \/>\nylempi led-taskulamppu (kiinte\u00e4 tai vilkkuva valo)<br \/>\nmukana kuuloke ja mikrofoni, ptt ja klipsi<br \/>\nmukana kantohihna<br \/>\nmukana takakiinnike<br \/>\npc-ohjelmoitavissa erikseen myyt\u00e4v\u00e4ll\u00e4 kaapelilla<br \/>\nmitat: (antennin kanssa 270mm): 62mm x 134mm x 32mm (antennin kanssa 270mm)<br \/>\npaino: 250g<br \/>\nli-ion 7.4V x 2200mah akku ja p\u00f6yt\u00e4laturi sis\u00e4ltyv\u00e4t toimitukseen.<\/p>\n","protected":false},"featured_media":136569,"template":"","meta":{"_acf_changed":false},"product_brand":[],"product_cat":[666],"product_tag":[],"class_list":{"0":"post-63314","1":"product","2":"type-product","3":"status-publish","4":"has-post-thumbnail","6":"product_cat-lahettajat","8":"first","9":"onbackorder","10":"product-type-simple"},"acf":[],"_links":{"self":[{"href":"https:\/\/kingarms.ee\/fi\/wp-json\/wp\/v2\/product\/63314","targetHints":{"allow":["GET"]}}],"collection":[{"href":"https:\/\/kingarms.ee\/fi\/wp-json\/wp\/v2\/product"}],"about":[{"href":"https:\/\/kingarms.ee\/fi\/wp-json\/wp\/v2\/types\/product"}],"wp:featuredmedia":[{"embeddable":true,"href":"https:\/\/kingarms.ee\/fi\/wp-json\/wp\/v2\/media\/136569"}],"wp:attachment":[{"href":"https:\/\/kingarms.ee\/fi\/wp-json\/wp\/v2\/media?parent=63314"}],"wp:term":[{"taxonomy":"product_brand","embeddable":true,"href":"https:\/\/kingarms.ee\/fi\/wp-json\/wp\/v2\/product_brand?post=63314"},{"taxonomy":"product_cat","embeddable":true,"href":"https:\/\/kingarms.ee\/fi\/wp-json\/wp\/v2\/product_cat?post=63314"},{"taxonomy":"product_tag","embeddable":true,"href":"https:\/\/kingarms.ee\/fi\/wp-json\/wp\/v2\/product_tag?post=63314"}],"curies":[{"name":"wp","href":"https:\/\/api.w.org\/{rel}","templated":true}]}}