{"id":63334,"date":"2022-10-10T15:26:33","date_gmt":"2022-10-10T12:47:42","guid":{"rendered":"https:\/\/kingarms.ee\/product\/scope-zoom-4x-objektiivi-32mm-musta\/"},"modified":"2024-08-08T13:10:24","modified_gmt":"2024-08-08T10:10:24","slug":"scope-zoom-4x-objektiivi-32mm-musta","status":"publish","type":"product","link":"https:\/\/kingarms.ee\/fi\/product\/scope-zoom-4x-objektiivi-32mm-musta\/","title":{"rendered":"Scope Zoom 4x objektiivi 32mm musta"},"content":{"rendered":"","protected":false},"excerpt":{"rendered":"<p>Pienikokoinen kaukoputki<br \/>\nalumiinirakenne<br \/>\nlinssin halkaisija 32mm<br \/>\nkiinte\u00e4 zoom 4x<br \/>\n1 tuuman putken halkaisija<br \/>\nristikko ei valaistu<br \/>\ns\u00e4\u00e4dett\u00e4v\u00e4 kallistus ja korkeus<br \/>\nrenkaat, joissa on kiinnitys 20 mm:n vakiokiskoille<br \/>\nobjektiivin suojakorkit<br \/>\npituus 280mm<br \/>\npaino 340g<\/p>\n","protected":false},"featured_media":62905,"template":"","meta":{"_acf_changed":false},"product_brand":[],"product_cat":[649],"product_tag":[],"class_list":{"0":"post-63334","1":"product","2":"type-product","3":"status-publish","4":"has-post-thumbnail","6":"product_cat-ottelut","8":"first","9":"instock","10":"purchasable","11":"product-type-simple"},"acf":[],"_links":{"self":[{"href":"https:\/\/kingarms.ee\/fi\/wp-json\/wp\/v2\/product\/63334","targetHints":{"allow":["GET"]}}],"collection":[{"href":"https:\/\/kingarms.ee\/fi\/wp-json\/wp\/v2\/product"}],"about":[{"href":"https:\/\/kingarms.ee\/fi\/wp-json\/wp\/v2\/types\/product"}],"wp:featuredmedia":[{"embeddable":true,"href":"https:\/\/kingarms.ee\/fi\/wp-json\/wp\/v2\/media\/62905"}],"wp:attachment":[{"href":"https:\/\/kingarms.ee\/fi\/wp-json\/wp\/v2\/media?parent=63334"}],"wp:term":[{"taxonomy":"product_brand","embeddable":true,"href":"https:\/\/kingarms.ee\/fi\/wp-json\/wp\/v2\/product_brand?post=63334"},{"taxonomy":"product_cat","embeddable":true,"href":"https:\/\/kingarms.ee\/fi\/wp-json\/wp\/v2\/product_cat?post=63334"},{"taxonomy":"product_tag","embeddable":true,"href":"https:\/\/kingarms.ee\/fi\/wp-json\/wp\/v2\/product_tag?post=63334"}],"curies":[{"name":"wp","href":"https:\/\/api.w.org\/{rel}","templated":true}]}}