{"id":63344,"date":"2022-10-10T15:26:33","date_gmt":"2022-10-10T12:47:43","guid":{"rendered":"https:\/\/kingarms.ee\/product\/piirtoheitin-32mm-objektiivi-zoom-4x-musta-js-tactical\/"},"modified":"2024-08-08T13:13:09","modified_gmt":"2024-08-08T10:13:09","slug":"scope-32mm-lens-zoom-4x-musta-js-taktinen","status":"publish","type":"product","link":"https:\/\/kingarms.ee\/fi\/product\/scope-32mm-lens-zoom-4x-musta-js-taktinen\/","title":{"rendered":"Piirtoheitin 32mm objektiivi Zoom 4x Musta  [JS-Tactical]"},"content":{"rendered":"","protected":false},"excerpt":{"rendered":"<p>32mm linssin laajuus<br \/>\nkiinte\u00e4 zoom 4x<br \/>\n1 tuuman putki<br \/>\nmil-dot-tiheys<br \/>\nmukana olevat renkaat kutomakiskoja varten<br \/>\ns\u00e4\u00e4dett\u00e4v\u00e4 kallistus ja korkeus<br \/>\npituus 229mm<br \/>\npaino 330g<br \/>\nmusta v\u00e4ri<br \/>\nsumun- ja iskunkest\u00e4v\u00e4<\/p>\n","protected":false},"featured_media":62921,"template":"","meta":{"_acf_changed":false},"product_brand":[],"product_cat":[649],"product_tag":[],"class_list":{"0":"post-63344","1":"product","2":"type-product","3":"status-publish","4":"has-post-thumbnail","6":"product_cat-ottelut","8":"first","9":"onbackorder","10":"product-type-simple"},"acf":[],"_links":{"self":[{"href":"https:\/\/kingarms.ee\/fi\/wp-json\/wp\/v2\/product\/63344","targetHints":{"allow":["GET"]}}],"collection":[{"href":"https:\/\/kingarms.ee\/fi\/wp-json\/wp\/v2\/product"}],"about":[{"href":"https:\/\/kingarms.ee\/fi\/wp-json\/wp\/v2\/types\/product"}],"wp:featuredmedia":[{"embeddable":true,"href":"https:\/\/kingarms.ee\/fi\/wp-json\/wp\/v2\/media\/62921"}],"wp:attachment":[{"href":"https:\/\/kingarms.ee\/fi\/wp-json\/wp\/v2\/media?parent=63344"}],"wp:term":[{"taxonomy":"product_brand","embeddable":true,"href":"https:\/\/kingarms.ee\/fi\/wp-json\/wp\/v2\/product_brand?post=63344"},{"taxonomy":"product_cat","embeddable":true,"href":"https:\/\/kingarms.ee\/fi\/wp-json\/wp\/v2\/product_cat?post=63344"},{"taxonomy":"product_tag","embeddable":true,"href":"https:\/\/kingarms.ee\/fi\/wp-json\/wp\/v2\/product_tag?post=63344"}],"curies":[{"name":"wp","href":"https:\/\/api.w.org\/{rel}","templated":true}]}}