{"id":63364,"date":"2022-10-10T15:26:45","date_gmt":"2022-10-10T12:47:45","guid":{"rendered":"https:\/\/kingarms.ee\/product\/t-a-s-l-sarjan-kelauslaite-m-emersongear\/"},"modified":"2024-08-08T13:00:39","modified_gmt":"2024-08-08T10:00:39","slug":"t-a-s-l-sarjan-tuulimylly-m-emersongear","status":"publish","type":"product","link":"https:\/\/kingarms.ee\/fi\/product\/t-a-s-l-sarjan-tuulimylly-m-emersongear\/","title":{"rendered":"T.a.s.l. sarjan kelauslaite [EmersonGear]"},"content":{"rendered":"","protected":false},"excerpt":{"rendered":"<p>Tuulenpit\u00e4v\u00e4 ja vedenpit\u00e4v\u00e4 takki t.A.S.L. Sarjan kelauslaite<br \/>\nvetoketju<br \/>\nhuppu joustavalla narulla<br \/>\nhengitt\u00e4v\u00e4 kangas k\u00e4sivarsien alla<br \/>\ns\u00e4\u00e4dett\u00e4v\u00e4 ranneke tarranauhalla<br \/>\ns\u00e4\u00e4dett\u00e4v\u00e4 vy\u00f6t\u00e4r\u00f6linja joustavalla narulla<br \/>\nkoukku ja silmukka polkua varten vasemmassa k\u00e4sivarressa<br \/>\nvetoketjullinen tasku rinnassa<\/p>\n","protected":false},"featured_media":94939,"template":"","meta":{"_acf_changed":false},"product_brand":[],"product_cat":[642],"product_tag":[],"class_list":{"0":"post-63364","1":"product","2":"type-product","3":"status-publish","4":"has-post-thumbnail","6":"product_cat-joped-fi","8":"first","9":"instock","10":"sale","11":"purchasable","12":"product-type-variable"},"acf":[],"_links":{"self":[{"href":"https:\/\/kingarms.ee\/fi\/wp-json\/wp\/v2\/product\/63364","targetHints":{"allow":["GET"]}}],"collection":[{"href":"https:\/\/kingarms.ee\/fi\/wp-json\/wp\/v2\/product"}],"about":[{"href":"https:\/\/kingarms.ee\/fi\/wp-json\/wp\/v2\/types\/product"}],"wp:featuredmedia":[{"embeddable":true,"href":"https:\/\/kingarms.ee\/fi\/wp-json\/wp\/v2\/media\/94939"}],"wp:attachment":[{"href":"https:\/\/kingarms.ee\/fi\/wp-json\/wp\/v2\/media?parent=63364"}],"wp:term":[{"taxonomy":"product_brand","embeddable":true,"href":"https:\/\/kingarms.ee\/fi\/wp-json\/wp\/v2\/product_brand?post=63364"},{"taxonomy":"product_cat","embeddable":true,"href":"https:\/\/kingarms.ee\/fi\/wp-json\/wp\/v2\/product_cat?post=63364"},{"taxonomy":"product_tag","embeddable":true,"href":"https:\/\/kingarms.ee\/fi\/wp-json\/wp\/v2\/product_tag?post=63364"}],"curies":[{"name":"wp","href":"https:\/\/api.w.org\/{rel}","templated":true}]}}