{"id":63382,"date":"2022-10-10T15:26:45","date_gmt":"2022-10-10T12:47:47","guid":{"rendered":"https:\/\/kingarms.ee\/product\/takki-ruskea-l-emersongear\/"},"modified":"2024-08-08T13:02:02","modified_gmt":"2024-08-08T10:02:02","slug":"takki-ruskea-l-emersongear","status":"publish","type":"product","link":"https:\/\/kingarms.ee\/fi\/product\/takki-ruskea-l-emersongear\/","title":{"rendered":"Takki ruskea [EmersonGear]"},"content":{"rendered":"","protected":false},"excerpt":{"rendered":"<p>Fleece sis\u00e4takki<br \/>\ntuulenpit\u00e4v\u00e4 ja vedenpit\u00e4v\u00e4<br \/>\n100% polyesteri\u00e4<br \/>\npiilotettu huppu<br \/>\nvetoketju<br \/>\n2 etutaskua<br \/>\ntarranauha id<br \/>\n1 takatasku kaksinkertaisella vetoketjulla<br \/>\ntasku ja tarranauha kummassakin hihassa<br \/>\ns\u00e4\u00e4dett\u00e4v\u00e4t hihansuut<br \/>\nilmanvaihtovetoketju kummallakin puolella<br \/>\nsuuri koko<br \/>\nruskea v\u00e4ri<\/p>\n","protected":false},"featured_media":94919,"template":"","meta":{"_acf_changed":false},"product_brand":[],"product_cat":[642],"product_tag":[],"class_list":{"0":"post-63382","1":"product","2":"type-product","3":"status-publish","4":"has-post-thumbnail","6":"product_cat-joped-fi","8":"first","9":"instock","10":"sale","11":"purchasable","12":"product-type-variable"},"acf":[],"_links":{"self":[{"href":"https:\/\/kingarms.ee\/fi\/wp-json\/wp\/v2\/product\/63382","targetHints":{"allow":["GET"]}}],"collection":[{"href":"https:\/\/kingarms.ee\/fi\/wp-json\/wp\/v2\/product"}],"about":[{"href":"https:\/\/kingarms.ee\/fi\/wp-json\/wp\/v2\/types\/product"}],"wp:featuredmedia":[{"embeddable":true,"href":"https:\/\/kingarms.ee\/fi\/wp-json\/wp\/v2\/media\/94919"}],"wp:attachment":[{"href":"https:\/\/kingarms.ee\/fi\/wp-json\/wp\/v2\/media?parent=63382"}],"wp:term":[{"taxonomy":"product_brand","embeddable":true,"href":"https:\/\/kingarms.ee\/fi\/wp-json\/wp\/v2\/product_brand?post=63382"},{"taxonomy":"product_cat","embeddable":true,"href":"https:\/\/kingarms.ee\/fi\/wp-json\/wp\/v2\/product_cat?post=63382"},{"taxonomy":"product_tag","embeddable":true,"href":"https:\/\/kingarms.ee\/fi\/wp-json\/wp\/v2\/product_tag?post=63382"}],"curies":[{"name":"wp","href":"https:\/\/api.w.org\/{rel}","templated":true}]}}