{"id":63400,"date":"2022-10-10T15:26:45","date_gmt":"2022-10-10T12:47:56","guid":{"rendered":"https:\/\/kingarms.ee\/product\/urf-takki-multicam-xl-emersongear\/"},"modified":"2024-08-08T13:03:29","modified_gmt":"2024-08-08T10:03:29","slug":"urf-jacket-multicam-xl-emersongear-2","status":"publish","type":"product","link":"https:\/\/kingarms.ee\/fi\/product\/urf-jacket-multicam-xl-emersongear-2\/","title":{"rendered":"Urf takki Multicam [EmersonGear]"},"content":{"rendered":"","protected":false},"excerpt":{"rendered":"<p>Kevyt pehmustettu takki<br \/>\nfleece sis\u00e4puoli<br \/>\ntuulenpit\u00e4v\u00e4 ja vedenpit\u00e4v\u00e4<br \/>\n100% polyesteri\u00e4<br \/>\npiilotettu huppu<br \/>\nkaksoisvetoketju<br \/>\njoustava sivukangas<br \/>\n3x vetoketjulliset etutaskut (1x pystysuora rintakeh\u00e4ll\u00e4)<br \/>\n1x vetoketjullinen tasku, jossa on ulkoinen tarranauha kummassakin hihassa.<br \/>\n1x vetoketjullinen pieni tasku vasemmassa kyyn\u00e4rvarressa<br \/>\n2x sulkeutumattomat sis\u00e4taskut<br \/>\nhihansuissa reik\u00e4 peukalolle<br \/>\nmulticam v\u00e4ri<\/p>\n","protected":false},"featured_media":94923,"template":"","meta":{"_acf_changed":false},"product_brand":[],"product_cat":[642],"product_tag":[],"class_list":{"0":"post-63400","1":"product","2":"type-product","3":"status-publish","4":"has-post-thumbnail","6":"product_cat-joped-fi","8":"first","9":"instock","10":"sale","11":"purchasable","12":"product-type-variable"},"acf":[],"_links":{"self":[{"href":"https:\/\/kingarms.ee\/fi\/wp-json\/wp\/v2\/product\/63400","targetHints":{"allow":["GET"]}}],"collection":[{"href":"https:\/\/kingarms.ee\/fi\/wp-json\/wp\/v2\/product"}],"about":[{"href":"https:\/\/kingarms.ee\/fi\/wp-json\/wp\/v2\/types\/product"}],"wp:featuredmedia":[{"embeddable":true,"href":"https:\/\/kingarms.ee\/fi\/wp-json\/wp\/v2\/media\/94923"}],"wp:attachment":[{"href":"https:\/\/kingarms.ee\/fi\/wp-json\/wp\/v2\/media?parent=63400"}],"wp:term":[{"taxonomy":"product_brand","embeddable":true,"href":"https:\/\/kingarms.ee\/fi\/wp-json\/wp\/v2\/product_brand?post=63400"},{"taxonomy":"product_cat","embeddable":true,"href":"https:\/\/kingarms.ee\/fi\/wp-json\/wp\/v2\/product_cat?post=63400"},{"taxonomy":"product_tag","embeddable":true,"href":"https:\/\/kingarms.ee\/fi\/wp-json\/wp\/v2\/product_tag?post=63400"}],"curies":[{"name":"wp","href":"https:\/\/api.w.org\/{rel}","templated":true}]}}