{"id":63413,"date":"2022-10-10T15:26:07","date_gmt":"2022-10-10T13:08:47","guid":{"rendered":"https:\/\/kingarms.ee\/product\/koristeellinen-katana\/"},"modified":"2024-08-08T13:33:54","modified_gmt":"2024-08-08T10:33:54","slug":"koriste-katana-12","status":"publish","type":"product","link":"https:\/\/kingarms.ee\/fi\/product\/koriste-katana-12\/","title":{"rendered":"Koristeellinen katana"},"content":{"rendered":"","protected":false},"excerpt":{"rendered":"<p>Koristeellinen katana<br \/>\nzenitsu agatsuman miekan innoittamana<br \/>\ndemonitappaja &#8211; kimetsu no yaiba anime-sarja<br \/>\nhiiliter\u00e4ksest\u00e4 valmistettu ter\u00e4<br \/>\nk\u00f6ydell\u00e4 p\u00e4\u00e4llystetty puinen tsuka<br \/>\nmetalli tsuba<br \/>\npuinen tuppi<br \/>\nkokonaispituus 965mm (1035 suojuksen kanssa)<br \/>\nter\u00e4n pituus 680mm<br \/>\ntsukan pituus 280mm<br \/>\npaino 670g (880g kannen kanssa)<\/p>\n","protected":false},"featured_media":63185,"template":"","meta":{"_acf_changed":false},"product_brand":[],"product_cat":[378],"product_tag":[],"class_list":{"0":"post-63413","1":"product","2":"type-product","3":"status-publish","4":"has-post-thumbnail","6":"product_cat-katana-tanto-fi","8":"first","9":"instock","10":"purchasable","11":"product-type-simple"},"acf":[],"_links":{"self":[{"href":"https:\/\/kingarms.ee\/fi\/wp-json\/wp\/v2\/product\/63413","targetHints":{"allow":["GET"]}}],"collection":[{"href":"https:\/\/kingarms.ee\/fi\/wp-json\/wp\/v2\/product"}],"about":[{"href":"https:\/\/kingarms.ee\/fi\/wp-json\/wp\/v2\/types\/product"}],"wp:featuredmedia":[{"embeddable":true,"href":"https:\/\/kingarms.ee\/fi\/wp-json\/wp\/v2\/media\/63185"}],"wp:attachment":[{"href":"https:\/\/kingarms.ee\/fi\/wp-json\/wp\/v2\/media?parent=63413"}],"wp:term":[{"taxonomy":"product_brand","embeddable":true,"href":"https:\/\/kingarms.ee\/fi\/wp-json\/wp\/v2\/product_brand?post=63413"},{"taxonomy":"product_cat","embeddable":true,"href":"https:\/\/kingarms.ee\/fi\/wp-json\/wp\/v2\/product_cat?post=63413"},{"taxonomy":"product_tag","embeddable":true,"href":"https:\/\/kingarms.ee\/fi\/wp-json\/wp\/v2\/product_tag?post=63413"}],"curies":[{"name":"wp","href":"https:\/\/api.w.org\/{rel}","templated":true}]}}