{"id":63425,"date":"2022-10-10T15:26:07","date_gmt":"2022-10-10T13:08:47","guid":{"rendered":"https:\/\/kingarms.ee\/product\/koristeellinen-katana\/"},"modified":"2024-08-08T13:37:29","modified_gmt":"2024-08-08T10:37:29","slug":"koriste-katana-14","status":"publish","type":"product","link":"https:\/\/kingarms.ee\/fi\/product\/koriste-katana-14\/","title":{"rendered":"Koristeellinen katana"},"content":{"rendered":"","protected":false},"excerpt":{"rendered":"<p>Koristeellinen katana<br \/>\ngiyuu tomiokan katanan innoittamana<br \/>\nanime-sarja mo dao zu shi (demonisen viljelyn suurmestari)<br \/>\nhiiliter\u00e4ksest\u00e4 valmistettu ter\u00e4<br \/>\nmetalli tsuba<br \/>\npuinen tuppi ja kahva<br \/>\nkokonaispituus 960mm (1030mm tupen kanssa)<br \/>\nter\u00e4n pituus 680mm<br \/>\ntsukan pituus 280mm<br \/>\npaino 670g (900g tupen kanssa)<\/p>\n","protected":false},"featured_media":63161,"template":"","meta":{"_acf_changed":false},"product_brand":[],"product_cat":[378],"product_tag":[],"class_list":{"0":"post-63425","1":"product","2":"type-product","3":"status-publish","4":"has-post-thumbnail","6":"product_cat-katana-tanto-fi","8":"first","9":"instock","10":"purchasable","11":"product-type-simple"},"acf":[],"_links":{"self":[{"href":"https:\/\/kingarms.ee\/fi\/wp-json\/wp\/v2\/product\/63425","targetHints":{"allow":["GET"]}}],"collection":[{"href":"https:\/\/kingarms.ee\/fi\/wp-json\/wp\/v2\/product"}],"about":[{"href":"https:\/\/kingarms.ee\/fi\/wp-json\/wp\/v2\/types\/product"}],"wp:featuredmedia":[{"embeddable":true,"href":"https:\/\/kingarms.ee\/fi\/wp-json\/wp\/v2\/media\/63161"}],"wp:attachment":[{"href":"https:\/\/kingarms.ee\/fi\/wp-json\/wp\/v2\/media?parent=63425"}],"wp:term":[{"taxonomy":"product_brand","embeddable":true,"href":"https:\/\/kingarms.ee\/fi\/wp-json\/wp\/v2\/product_brand?post=63425"},{"taxonomy":"product_cat","embeddable":true,"href":"https:\/\/kingarms.ee\/fi\/wp-json\/wp\/v2\/product_cat?post=63425"},{"taxonomy":"product_tag","embeddable":true,"href":"https:\/\/kingarms.ee\/fi\/wp-json\/wp\/v2\/product_tag?post=63425"}],"curies":[{"name":"wp","href":"https:\/\/api.w.org\/{rel}","templated":true}]}}