{"id":63475,"date":"2022-10-10T15:26:23","date_gmt":"2022-10-10T13:09:52","guid":{"rendered":"https:\/\/kingarms.ee\/product\/punainen-piste-22mm-musta-js-tactical\/"},"modified":"2024-08-08T13:24:01","modified_gmt":"2024-08-08T10:24:01","slug":"red-dot-22mm-musta-js-tactical","status":"publish","type":"product","link":"https:\/\/kingarms.ee\/fi\/product\/red-dot-22mm-musta-js-tactical\/","title":{"rendered":"Punainen piste 22mm musta  [JS-Tactical]"},"content":{"rendered":"","protected":false},"excerpt":{"rendered":"<p>Punapiste 22mm linssi<br \/>\nt\u00e4ysmetalli<br \/>\npunainen tai vihre\u00e4 piste, jossa on 5 intensiteettitasoa<br \/>\ns\u00e4\u00e4dett\u00e4v\u00e4 kallistus ja korkeus<br \/>\nkiinnitys tavallisille 20mm kiskoille<br \/>\npituus 70mm<br \/>\npaino 110g<br \/>\nkumiset suojakorkit<\/p>\n","protected":false},"featured_media":94815,"template":"","meta":{"_acf_changed":false},"product_brand":[],"product_cat":[649],"product_tag":[],"class_list":{"0":"post-63475","1":"product","2":"type-product","3":"status-publish","4":"has-post-thumbnail","6":"product_cat-ottelut","8":"first","9":"instock","10":"purchasable","11":"product-type-simple"},"acf":[],"_links":{"self":[{"href":"https:\/\/kingarms.ee\/fi\/wp-json\/wp\/v2\/product\/63475","targetHints":{"allow":["GET"]}}],"collection":[{"href":"https:\/\/kingarms.ee\/fi\/wp-json\/wp\/v2\/product"}],"about":[{"href":"https:\/\/kingarms.ee\/fi\/wp-json\/wp\/v2\/types\/product"}],"wp:featuredmedia":[{"embeddable":true,"href":"https:\/\/kingarms.ee\/fi\/wp-json\/wp\/v2\/media\/94815"}],"wp:attachment":[{"href":"https:\/\/kingarms.ee\/fi\/wp-json\/wp\/v2\/media?parent=63475"}],"wp:term":[{"taxonomy":"product_brand","embeddable":true,"href":"https:\/\/kingarms.ee\/fi\/wp-json\/wp\/v2\/product_brand?post=63475"},{"taxonomy":"product_cat","embeddable":true,"href":"https:\/\/kingarms.ee\/fi\/wp-json\/wp\/v2\/product_cat?post=63475"},{"taxonomy":"product_tag","embeddable":true,"href":"https:\/\/kingarms.ee\/fi\/wp-json\/wp\/v2\/product_tag?post=63475"}],"curies":[{"name":"wp","href":"https:\/\/api.w.org\/{rel}","templated":true}]}}