{"id":63492,"date":"2022-10-10T15:26:23","date_gmt":"2022-10-10T13:09:54","guid":{"rendered":"https:\/\/kingarms.ee\/product\/red-dot-scope-js-tactical\/"},"modified":"2024-08-08T13:26:47","modified_gmt":"2024-08-08T10:26:47","slug":"red-dot-scope-js-tactical-2","status":"publish","type":"product","link":"https:\/\/kingarms.ee\/fi\/product\/red-dot-scope-js-tactical-2\/","title":{"rendered":"Red Dot Scope  [JS-Tactical]"},"content":{"rendered":"","protected":false},"excerpt":{"rendered":"<p>Punapiste t\u00e4ysmetalli<br \/>\npunainen tai vihre\u00e4 piste s\u00e4\u00e4dett\u00e4v\u00e4ll\u00e4 voimakkuudella<br \/>\ns\u00e4\u00e4dett\u00e4v\u00e4 kallistus ja korkeus<br \/>\nheijastuksenestolinssien halkaisija 34mm<br \/>\n22m kiskojen kiinnitys mukana<br \/>\nputken halkaisija 30mm<br \/>\nlentgh 184mm<br \/>\npaino 320g<br \/>\niskunkest\u00e4v\u00e4 ja sumun kest\u00e4v\u00e4<\/p>\n","protected":false},"featured_media":62989,"template":"","meta":{"_acf_changed":false},"product_brand":[],"product_cat":[649],"product_tag":[],"class_list":{"0":"post-63492","1":"product","2":"type-product","3":"status-publish","4":"has-post-thumbnail","6":"product_cat-ottelut","8":"first","9":"instock","10":"purchasable","11":"product-type-simple"},"acf":[],"_links":{"self":[{"href":"https:\/\/kingarms.ee\/fi\/wp-json\/wp\/v2\/product\/63492","targetHints":{"allow":["GET"]}}],"collection":[{"href":"https:\/\/kingarms.ee\/fi\/wp-json\/wp\/v2\/product"}],"about":[{"href":"https:\/\/kingarms.ee\/fi\/wp-json\/wp\/v2\/types\/product"}],"wp:featuredmedia":[{"embeddable":true,"href":"https:\/\/kingarms.ee\/fi\/wp-json\/wp\/v2\/media\/62989"}],"wp:attachment":[{"href":"https:\/\/kingarms.ee\/fi\/wp-json\/wp\/v2\/media?parent=63492"}],"wp:term":[{"taxonomy":"product_brand","embeddable":true,"href":"https:\/\/kingarms.ee\/fi\/wp-json\/wp\/v2\/product_brand?post=63492"},{"taxonomy":"product_cat","embeddable":true,"href":"https:\/\/kingarms.ee\/fi\/wp-json\/wp\/v2\/product_cat?post=63492"},{"taxonomy":"product_tag","embeddable":true,"href":"https:\/\/kingarms.ee\/fi\/wp-json\/wp\/v2\/product_tag?post=63492"}],"curies":[{"name":"wp","href":"https:\/\/api.w.org\/{rel}","templated":true}]}}