{"id":63501,"date":"2022-10-10T15:26:23","date_gmt":"2022-10-10T13:09:54","guid":{"rendered":"https:\/\/kingarms.ee\/product\/punainen-piste-punaisella-laserilla-js-tactical\/"},"modified":"2024-08-08T13:28:18","modified_gmt":"2024-08-08T10:28:18","slug":"red-dot-with-red-laser-js-tactical-2","status":"publish","type":"product","link":"https:\/\/kingarms.ee\/fi\/product\/red-dot-with-red-laser-js-tactical-2\/","title":{"rendered":"Punainen piste punaisella laserilla  [JS-Tactical]"},"content":{"rendered":"","protected":false},"excerpt":{"rendered":"<p>Kompakti punainen piste<br \/>\npunainen valo s\u00e4\u00e4dett\u00e4v\u00e4ll\u00e4 intesiteetill\u00e4<br \/>\npunainen laser<br \/>\ns\u00e4\u00e4dett\u00e4v\u00e4 kallistus ja korkeus<br \/>\nkiinnitys 20 mm:n vakiokiskoille pikalukituksella<br \/>\npituus 85mm<br \/>\npaino 210g<\/p>\n","protected":false},"featured_media":62961,"template":"","meta":{"_acf_changed":false},"product_brand":[],"product_cat":[649],"product_tag":[],"class_list":{"0":"post-63501","1":"product","2":"type-product","3":"status-publish","4":"has-post-thumbnail","6":"product_cat-ottelut","8":"first","9":"instock","10":"purchasable","11":"product-type-simple"},"acf":[],"_links":{"self":[{"href":"https:\/\/kingarms.ee\/fi\/wp-json\/wp\/v2\/product\/63501","targetHints":{"allow":["GET"]}}],"collection":[{"href":"https:\/\/kingarms.ee\/fi\/wp-json\/wp\/v2\/product"}],"about":[{"href":"https:\/\/kingarms.ee\/fi\/wp-json\/wp\/v2\/types\/product"}],"wp:featuredmedia":[{"embeddable":true,"href":"https:\/\/kingarms.ee\/fi\/wp-json\/wp\/v2\/media\/62961"}],"wp:attachment":[{"href":"https:\/\/kingarms.ee\/fi\/wp-json\/wp\/v2\/media?parent=63501"}],"wp:term":[{"taxonomy":"product_brand","embeddable":true,"href":"https:\/\/kingarms.ee\/fi\/wp-json\/wp\/v2\/product_brand?post=63501"},{"taxonomy":"product_cat","embeddable":true,"href":"https:\/\/kingarms.ee\/fi\/wp-json\/wp\/v2\/product_cat?post=63501"},{"taxonomy":"product_tag","embeddable":true,"href":"https:\/\/kingarms.ee\/fi\/wp-json\/wp\/v2\/product_tag?post=63501"}],"curies":[{"name":"wp","href":"https:\/\/api.w.org\/{rel}","templated":true}]}}