{"id":63514,"date":"2022-10-10T15:26:23","date_gmt":"2022-10-10T13:09:55","guid":{"rendered":"https:\/\/kingarms.ee\/product\/mini-red-dot-musta-js-tactical\/"},"modified":"2024-08-08T13:31:07","modified_gmt":"2024-08-08T10:31:07","slug":"mini-red-dot-black-js-tactical-2","status":"publish","type":"product","link":"https:\/\/kingarms.ee\/fi\/product\/mini-red-dot-black-js-tactical-2\/","title":{"rendered":"Mini Red Dot Musta  [JS-Tactical]"},"content":{"rendered":"","protected":false},"excerpt":{"rendered":"<p>Mini punainen piste<br \/>\nalumiinirakenne<br \/>\nsit\u00e4 voidaan k\u00e4ytt\u00e4\u00e4 kiv\u00e4\u00e4reiss\u00e4 ja pistoolissa.<br \/>\ntai yhdess\u00e4 suurennuskaukoputkien kanssa<br \/>\npunainen piste, jossa on 5 s\u00e4\u00e4dett\u00e4v\u00e4\u00e4 voimakkuutta<br \/>\ns\u00e4\u00e4dett\u00e4v\u00e4 kallistus ja korkeus<br \/>\nvakio 20mm kiskojen kiinnitys<br \/>\nkiinnitys glock-sarjan pistooleille (korvaa takat\u00e4ht\u00e4imen).<br \/>\npituus 45mm<br \/>\nkorkeus (kiinnitys mukana) 39mm<br \/>\nkumikorkki kokonaisvaltaista kattavuutta varten<\/p>\n","protected":false},"featured_media":63001,"template":"","meta":{"_acf_changed":false},"product_brand":[],"product_cat":[649],"product_tag":[],"class_list":{"0":"post-63514","1":"product","2":"type-product","3":"status-publish","4":"has-post-thumbnail","6":"product_cat-ottelut","8":"first","9":"instock","10":"purchasable","11":"product-type-simple"},"acf":[],"_links":{"self":[{"href":"https:\/\/kingarms.ee\/fi\/wp-json\/wp\/v2\/product\/63514","targetHints":{"allow":["GET"]}}],"collection":[{"href":"https:\/\/kingarms.ee\/fi\/wp-json\/wp\/v2\/product"}],"about":[{"href":"https:\/\/kingarms.ee\/fi\/wp-json\/wp\/v2\/types\/product"}],"wp:featuredmedia":[{"embeddable":true,"href":"https:\/\/kingarms.ee\/fi\/wp-json\/wp\/v2\/media\/63001"}],"wp:attachment":[{"href":"https:\/\/kingarms.ee\/fi\/wp-json\/wp\/v2\/media?parent=63514"}],"wp:term":[{"taxonomy":"product_brand","embeddable":true,"href":"https:\/\/kingarms.ee\/fi\/wp-json\/wp\/v2\/product_brand?post=63514"},{"taxonomy":"product_cat","embeddable":true,"href":"https:\/\/kingarms.ee\/fi\/wp-json\/wp\/v2\/product_cat?post=63514"},{"taxonomy":"product_tag","embeddable":true,"href":"https:\/\/kingarms.ee\/fi\/wp-json\/wp\/v2\/product_tag?post=63514"}],"curies":[{"name":"wp","href":"https:\/\/api.w.org\/{rel}","templated":true}]}}