{"id":63577,"date":"2022-10-10T16:11:27","date_gmt":"2022-10-10T13:27:58","guid":{"rendered":"https:\/\/kingarms.ee\/product\/talvihanskat-sub40-realtree-xl-11-mechanix\/"},"modified":"2024-08-08T12:56:21","modified_gmt":"2024-08-08T09:56:21","slug":"talvihanskat-mechanix-sub40-realtree-size-xl-11","status":"publish","type":"product","link":"https:\/\/kingarms.ee\/fi\/product\/talvihanskat-mechanix-sub40-realtree-size-xl-11\/","title":{"rendered":"Talvihanskat SUB40 Realtree, XL\/11  [Mechanix]"},"content":{"rendered":"","protected":false},"excerpt":{"rendered":"<p>&#8211; Easy On\/Off -joustava mansettimalli varmistaa, ett\u00e4 hanskat saa puettua p\u00e4\u00e4lle, kun l\u00e4mp\u00f6tila laskee.<br \/>\n&#8211; Realtree Edge\u2122 -naamiointikuvion ansiosta voit sulautua maastoon.<br \/>\n&#8211; 4Og 3M Thinsulate\u2122 sitoo tehokkaasti l\u00e4mp\u00f6\u00e4 ja pit\u00e4\u00e4 k\u00e4det l\u00e4mpimin\u00e4.<br \/>\n&#8211; Joustava vedenpit\u00e4v\u00e4 kalvo kauttaaltaan<br \/>\n&#8211; Kulutusta kest\u00e4v\u00e4 peukalosatulan vahvistus raskaita nostoja varten.<br \/>\n&#8211; Kohokuvioitu liipaisinsormen muotoilu helpottaa kuroutumista ja lis\u00e4\u00e4 n\u00e4pp\u00e4ryytt\u00e4 siell\u00e4, miss\u00e4 sill\u00e4 on merkityst\u00e4.<br \/>\n&#8211; Padlock\u2122 liukumaton silikonipainatus parantaa pitoa kent\u00e4ll\u00e4.<br \/>\n&#8211; Kest\u00e4v\u00e4 synteettinen nahka, jossa on kosketusn\u00e4ytt\u00f6tekniikka laitteiden ohjaamiseen.<br \/>\n&#8211; 3 mm:n vaahtomuovinen k\u00e4mmenpehmuste tarjoaa mukavuutta ja helpotusta, kun kuljetat varusteita kent\u00e4ll\u00e4.<br \/>\n&#8211; Irrotettava jousikiinnike pit\u00e4\u00e4 k\u00e4sineet yhdess\u00e4 ja j\u00e4rjestyksess\u00e4.<\/p>\n","protected":false},"featured_media":63467,"template":"","meta":{"_acf_changed":false},"product_brand":[],"product_cat":[262],"product_tag":[],"class_list":{"0":"post-63577","1":"product","2":"type-product","3":"status-publish","4":"has-post-thumbnail","6":"product_cat-kasineet","8":"first","9":"instock","10":"sale","11":"purchasable","12":"product-type-simple"},"acf":[],"_links":{"self":[{"href":"https:\/\/kingarms.ee\/fi\/wp-json\/wp\/v2\/product\/63577","targetHints":{"allow":["GET"]}}],"collection":[{"href":"https:\/\/kingarms.ee\/fi\/wp-json\/wp\/v2\/product"}],"about":[{"href":"https:\/\/kingarms.ee\/fi\/wp-json\/wp\/v2\/types\/product"}],"wp:featuredmedia":[{"embeddable":true,"href":"https:\/\/kingarms.ee\/fi\/wp-json\/wp\/v2\/media\/63467"}],"wp:attachment":[{"href":"https:\/\/kingarms.ee\/fi\/wp-json\/wp\/v2\/media?parent=63577"}],"wp:term":[{"taxonomy":"product_brand","embeddable":true,"href":"https:\/\/kingarms.ee\/fi\/wp-json\/wp\/v2\/product_brand?post=63577"},{"taxonomy":"product_cat","embeddable":true,"href":"https:\/\/kingarms.ee\/fi\/wp-json\/wp\/v2\/product_cat?post=63577"},{"taxonomy":"product_tag","embeddable":true,"href":"https:\/\/kingarms.ee\/fi\/wp-json\/wp\/v2\/product_tag?post=63577"}],"curies":[{"name":"wp","href":"https:\/\/api.w.org\/{rel}","templated":true}]}}