{"id":63595,"date":"2022-10-10T16:32:27","date_gmt":"2022-10-10T13:32:27","guid":{"rendered":"https:\/\/kingarms.ee\/product\/kerosiinilyhty-23-cm-mil-tec\/"},"modified":"2024-08-08T12:46:26","modified_gmt":"2024-08-08T09:46:26","slug":"kerosiinilyhty-23-cm-mil-tec","status":"publish","type":"product","link":"https:\/\/kingarms.ee\/fi\/product\/kerosiinilyhty-23-cm-mil-tec\/","title":{"rendered":"Kerosiinilyhty 23 cm  [Mil-tec]"},"content":{"rendered":"","protected":false},"excerpt":{"rendered":"<ul>\n<li>Kerosiinilyhty 23 cm [Mil-tec]<\/li>\n<li>Materiaali: Ter\u00e4s<\/li>\n<li>S\u00e4\u00e4dett\u00e4v\u00e4 syd\u00e4nlanka<\/li>\n<li>Ripustettava kahva<\/li>\n<li>L\u00e4mm\u00f6nkest\u00e4v\u00e4 savupiippu<\/li>\n<li>Mukana Wick<\/li>\n<li>Kantokahva<\/li>\n<li>Korkeus: 23cm (9in)<\/li>\n<li>1 cm leve\u00e4\u00e4 syd\u00e4nlankaa varten<\/li>\n<li>V\u00e4ri: Olive<\/li>\n<li>Paino: 370g<\/li>\n<\/ul>\n","protected":false},"featured_media":63590,"template":"","meta":{"_acf_changed":false},"product_brand":[],"product_cat":[352],"product_tag":[],"class_list":{"0":"post-63595","1":"product","2":"type-product","3":"status-publish","4":"has-post-thumbnail","6":"product_cat-matkatavarat","8":"first","9":"instock","10":"sale","11":"taxable","12":"shipping-taxable","13":"purchasable","14":"product-type-simple"},"acf":[],"_links":{"self":[{"href":"https:\/\/kingarms.ee\/fi\/wp-json\/wp\/v2\/product\/63595","targetHints":{"allow":["GET"]}}],"collection":[{"href":"https:\/\/kingarms.ee\/fi\/wp-json\/wp\/v2\/product"}],"about":[{"href":"https:\/\/kingarms.ee\/fi\/wp-json\/wp\/v2\/types\/product"}],"wp:featuredmedia":[{"embeddable":true,"href":"https:\/\/kingarms.ee\/fi\/wp-json\/wp\/v2\/media\/63590"}],"wp:attachment":[{"href":"https:\/\/kingarms.ee\/fi\/wp-json\/wp\/v2\/media?parent=63595"}],"wp:term":[{"taxonomy":"product_brand","embeddable":true,"href":"https:\/\/kingarms.ee\/fi\/wp-json\/wp\/v2\/product_brand?post=63595"},{"taxonomy":"product_cat","embeddable":true,"href":"https:\/\/kingarms.ee\/fi\/wp-json\/wp\/v2\/product_cat?post=63595"},{"taxonomy":"product_tag","embeddable":true,"href":"https:\/\/kingarms.ee\/fi\/wp-json\/wp\/v2\/product_tag?post=63595"}],"curies":[{"name":"wp","href":"https:\/\/api.w.org\/{rel}","templated":true}]}}