{"id":63668,"date":"2022-10-17T13:19:47","date_gmt":"2022-10-17T10:22:52","guid":{"rendered":"https:\/\/kingarms.ee\/product\/atn-binox-4k-4x-16x\/"},"modified":"2024-08-08T12:45:44","modified_gmt":"2024-08-08T09:45:44","slug":"atn-binox-4k-4x-16x-2","status":"publish","type":"product","link":"https:\/\/kingarms.ee\/fi\/product\/atn-binox-4k-4x-16x-2\/","title":{"rendered":"ATN Binox 4K 4x-16x"},"content":{"rendered":"<p><img loading=\"lazy\" decoding=\"async\" class=\"alignnone size-medium wp-image-63652\" src=\"https:\/\/kingarms.ee\/wp-content\/uploads\/2022\/10\/3893885926_w640_h640_binokl-nochnogo-videniya-300x300.jpeg\" alt=\"\" width=\"300\" height=\"300\" srcset=\"https:\/\/kingarms.ee\/wp-content\/uploads\/2022\/10\/3893885926_w640_h640_binokl-nochnogo-videniya-300x300.jpeg 300w, https:\/\/kingarms.ee\/wp-content\/uploads\/2022\/10\/3893885926_w640_h640_binokl-nochnogo-videniya-150x150.jpeg 150w, https:\/\/kingarms.ee\/wp-content\/uploads\/2022\/10\/3893885926_w640_h640_binokl-nochnogo-videniya-768x768.jpeg 768w, https:\/\/kingarms.ee\/wp-content\/uploads\/2022\/10\/3893885926_w640_h640_binokl-nochnogo-videniya-500x500.jpeg 500w, https:\/\/kingarms.ee\/wp-content\/uploads\/2022\/10\/3893885926_w640_h640_binokl-nochnogo-videniya.jpeg 900w\" sizes=\"auto, (max-width: 300px) 100vw, 300px\" \/><\/p>\n","protected":false},"excerpt":{"rendered":"<p>Y\u00f6kuvaus \/ et\u00e4isyysmittari &#8211; Digitaalinen kiikari, jossa on ATN BINOX 4k 4-16x laseret\u00e4isyysmittari ja p\u00e4iv\u00e4- ja y\u00f6toiminto, joka on yhdistetty Bluetoothilla kaukoputkeen tai l\u00e4mp\u00f6kameraan. Tuotteen yll\u00e4tt\u00e4vin p\u00e4ivitys vuoden alussa, uskomattomilla parannuksilla, ehdottomasti kaikki kiikarit ovat kokeneet muutoksia matriisista runkomateriaaliin ja k\u00e4ytt\u00f6j\u00e4rjestelm\u00e4\u00e4n. ATN BINOX 4k 4-16x on todenn\u00e4k\u00f6isesti ostettavissa vuonna 2019. vuoden 2006 puoliv\u00e4liin menness\u00e4, koska tuotteen markkinoille saattamiseen tarvitaan tietty aika julkistamisen j\u00e4lkeen.<\/p>\n<p>Matrix ATN 4K M265 andur 3864 x 2218 Matriisi ATN 4K M265 andur 3864 x 2218<br \/>\nMatriisin resoluutio, px 3864 x 2218<br \/>\nKuvanp\u00e4ivitysnopeus, Hz 30 \/ 60 \/ 120 Hz (FPS)<br \/>\nSuurennus, x 4x-16x (40x)<br \/>\nLCD-n\u00e4yt\u00f6n tyyppi<br \/>\nN\u00e4ytt\u00f6 1280x720x2<br \/>\nHDMI Kyll\u00e4<br \/>\nUSB Type-C<br \/>\nVideotallennus Kyll\u00e4<br \/>\nUlkoinen virtal\u00e4hde USB TYPE-C<br \/>\nEt\u00e4isyysmittari Laser p\u00e4iv\u00e4\/y\u00f6<br \/>\nObjektiivin halkaisija (mm) 65mm<br \/>\nIR-alue jopa 400m<br \/>\nMikrofoni Kyll\u00e4<br \/>\nMin. Optinen zoom 4x<br \/>\nBluetooth-moduuli Kyll\u00e4<br \/>\nGPS-moduuli Kyll\u00e4<br \/>\nWi-Fi-moduuli Kyll\u00e4<br \/>\nMuisti Micro-SD 4 &#8211; 64 GB<br \/>\nK\u00e4ytt\u00f6l\u00e4mp\u00f6tila -28c &#8211; +50c<br \/>\nAkkutyyppi Sis\u00e4\u00e4nrakennettu litiumioniakku<br \/>\nIR-valaisimen tyyppi IR 850nm<br \/>\nKuvakulma, raekuuro 6 raekuuro.<br \/>\nUlosmenokupolin poisto, mm 10-30mm<br \/>\nValokuvien tallennus Kyll\u00e4<br \/>\nObsidian, jossa on 4 ydint\u00e4<br \/>\nTy\u00f6aika, tuntia Enint\u00e4\u00e4n 15 tuntia<br \/>\nVesitiivis IP67<br \/>\nMitat, mm 240x128x67<br \/>\nPaino, g 1120 gr.<\/p>\n","protected":false},"featured_media":63652,"template":"","meta":{"_acf_changed":false},"product_brand":[],"product_cat":[750,514],"product_tag":[],"class_list":{"0":"post-63668","1":"product","2":"type-product","3":"status-publish","4":"has-post-thumbnail","6":"product_cat-kiikarit","7":"product_cat-yonakolaitteet","9":"first","10":"onbackorder","11":"taxable","12":"shipping-taxable","13":"product-type-simple"},"acf":[],"_links":{"self":[{"href":"https:\/\/kingarms.ee\/fi\/wp-json\/wp\/v2\/product\/63668","targetHints":{"allow":["GET"]}}],"collection":[{"href":"https:\/\/kingarms.ee\/fi\/wp-json\/wp\/v2\/product"}],"about":[{"href":"https:\/\/kingarms.ee\/fi\/wp-json\/wp\/v2\/types\/product"}],"wp:featuredmedia":[{"embeddable":true,"href":"https:\/\/kingarms.ee\/fi\/wp-json\/wp\/v2\/media\/63652"}],"wp:attachment":[{"href":"https:\/\/kingarms.ee\/fi\/wp-json\/wp\/v2\/media?parent=63668"}],"wp:term":[{"taxonomy":"product_brand","embeddable":true,"href":"https:\/\/kingarms.ee\/fi\/wp-json\/wp\/v2\/product_brand?post=63668"},{"taxonomy":"product_cat","embeddable":true,"href":"https:\/\/kingarms.ee\/fi\/wp-json\/wp\/v2\/product_cat?post=63668"},{"taxonomy":"product_tag","embeddable":true,"href":"https:\/\/kingarms.ee\/fi\/wp-json\/wp\/v2\/product_tag?post=63668"}],"curies":[{"name":"wp","href":"https:\/\/api.w.org\/{rel}","templated":true}]}}