{"id":63688,"date":"2022-10-17T13:31:16","date_gmt":"2022-10-17T10:34:01","guid":{"rendered":"https:\/\/kingarms.ee\/product\/makuupussi-tactical-5\/"},"modified":"2024-08-08T12:44:16","modified_gmt":"2024-08-08T09:44:16","slug":"magamiskott-taktinen-5","status":"publish","type":"product","link":"https:\/\/kingarms.ee\/fi\/product\/magamiskott-taktinen-5\/","title":{"rendered":"Makuupussi Tactical 5"},"content":{"rendered":"<p><img loading=\"lazy\" decoding=\"async\" class=\"alignnone size-medium wp-image-63678\" src=\"https:\/\/kingarms.ee\/wp-content\/uploads\/2022\/10\/tactical-5-t5-magamiskott-oliivroheline-300x300.jpeg\" alt=\"\" width=\"300\" height=\"300\" srcset=\"https:\/\/kingarms.ee\/wp-content\/uploads\/2022\/10\/tactical-5-t5-magamiskott-oliivroheline-300x300.jpeg 300w, https:\/\/kingarms.ee\/wp-content\/uploads\/2022\/10\/tactical-5-t5-magamiskott-oliivroheline-150x150.jpeg 150w, https:\/\/kingarms.ee\/wp-content\/uploads\/2022\/10\/tactical-5-t5-magamiskott-oliivroheline-768x768.jpeg 768w, https:\/\/kingarms.ee\/wp-content\/uploads\/2022\/10\/tactical-5-t5-magamiskott-oliivroheline-500x500.jpeg 500w, https:\/\/kingarms.ee\/wp-content\/uploads\/2022\/10\/tactical-5-t5-magamiskott-oliivroheline.jpeg 800w\" sizes=\"auto, (max-width: 300px) 100vw, 300px\" \/><\/p>\n","protected":false},"excerpt":{"rendered":"<p>Pintamateriaali: 100 % Nylon, Teflon\u00ae by DuPont\u2122 -pinnoitettu.<br \/>\nSis\u00e4materiaali: 100 % Nalon, Teflon\u00ae by DuPont\u2122 -pinnoitettu.<br \/>\nT\u00e4yte: 100 % polyesteri (Thermolite\u00ae, 300 g\/m2).<br \/>\nKuljetuspussi: 100% Nylon (Oxford), polyuretaanipinnoitettu.<\/p>\n<p>Mitat: 230 x 80 (olkap\u00e4\u00e4n korkeus) cm<br \/>\nPakattu: 43 x 28 cm<br \/>\nPaino: 2.150 g<br \/>\nV\u00e4himm\u00e4isl\u00e4mp\u00f6tila: -30\u00b0C<\/p>\n<p>&#8211; Teflon\u00ae-pinnoitettu pohja &#8211; hylkii nesteit\u00e4<br \/>\n&#8211; thermolite-high-tech-t\u00e4yte pit\u00e4\u00e4 l\u00e4mpim\u00e4n\u00e4, mutta ei paina paljon.<br \/>\n&#8211; 2-suuntainen lukko sivulla<br \/>\n&#8211; sis\u00e4tasku<\/p>\n","protected":false},"featured_media":63680,"template":"","meta":{"_acf_changed":false},"product_brand":[],"product_cat":[498],"product_tag":[],"class_list":{"0":"post-63688","1":"product","2":"type-product","3":"status-publish","4":"has-post-thumbnail","6":"product_cat-makuupussit","8":"first","9":"onbackorder","10":"taxable","11":"shipping-taxable","12":"product-type-simple"},"acf":[],"_links":{"self":[{"href":"https:\/\/kingarms.ee\/fi\/wp-json\/wp\/v2\/product\/63688","targetHints":{"allow":["GET"]}}],"collection":[{"href":"https:\/\/kingarms.ee\/fi\/wp-json\/wp\/v2\/product"}],"about":[{"href":"https:\/\/kingarms.ee\/fi\/wp-json\/wp\/v2\/types\/product"}],"wp:featuredmedia":[{"embeddable":true,"href":"https:\/\/kingarms.ee\/fi\/wp-json\/wp\/v2\/media\/63680"}],"wp:attachment":[{"href":"https:\/\/kingarms.ee\/fi\/wp-json\/wp\/v2\/media?parent=63688"}],"wp:term":[{"taxonomy":"product_brand","embeddable":true,"href":"https:\/\/kingarms.ee\/fi\/wp-json\/wp\/v2\/product_brand?post=63688"},{"taxonomy":"product_cat","embeddable":true,"href":"https:\/\/kingarms.ee\/fi\/wp-json\/wp\/v2\/product_cat?post=63688"},{"taxonomy":"product_tag","embeddable":true,"href":"https:\/\/kingarms.ee\/fi\/wp-json\/wp\/v2\/product_tag?post=63688"}],"curies":[{"name":"wp","href":"https:\/\/api.w.org\/{rel}","templated":true}]}}