{"id":64220,"date":"2022-10-17T15:47:21","date_gmt":"2022-10-17T13:15:43","guid":{"rendered":"https:\/\/kingarms.ee\/product\/monokulaari-solo-8x36-r-t-vortex\/"},"modified":"2024-08-08T12:14:53","modified_gmt":"2024-08-08T09:14:53","slug":"monokulaari-solo-8x36-r-t-vortex","status":"publish","type":"product","link":"https:\/\/kingarms.ee\/fi\/product\/monokulaari-solo-8x36-r-t-vortex\/","title":{"rendered":"Monokulaari Solo 8&#215;36 R\/T  [Vortex]"},"content":{"rendered":"","protected":false},"excerpt":{"rendered":"<p>Vortexin Solo Tactical R\/T 8&#215;36 -monokulaari tarjoaa laajan 393 jalan n\u00e4k\u00f6kent\u00e4n, joka on kirkas, ter\u00e4v\u00e4 ja selke\u00e4. Solo Tactical R\/T 8&#215;36 on suunniteltu kaikkialle mukaan otettavaksi optiikaksi, ja se on pienikokoinen ja helposti k\u00e4sitelt\u00e4v\u00e4.<br \/>\nT\u00e4ss\u00e4 monokulaarissa on R\/T-et\u00e4isyyssilmukka tarkkaa et\u00e4isyyden arviointia varten. Siin\u00e4 on mrad (milliradiaani) -pohjaiset alimittaukset, ja se sis\u00e4lt\u00e4\u00e4 toissijaisen pikamittausj\u00e4rjestelm\u00e4n, jossa on siluetteja. N\u00e4iden kulmamittausten avulla k\u00e4ytt\u00e4j\u00e4 voi laskea et\u00e4isyyksi\u00e4 verratessaan verkkokalvoa tunnetun kokoisiin kohteisiin. T\u00e4ht\u00e4imen tarkennus takaa ter\u00e4v\u00e4n kuvan kaikilla et\u00e4isyyksill\u00e4.<br \/>\nSolon optisessa j\u00e4rjestelm\u00e4ss\u00e4 on ensiluokkainen kattoprisma ja t\u00e4ysin monikerroksiset linssit. Kest\u00e4v\u00e4 kotelo on vedenpit\u00e4v\u00e4, sumunpit\u00e4v\u00e4 ja peitetty suojaavalla kumipinnoitteella. Apuklipsin avulla monokulaari voidaan kiinnitt\u00e4\u00e4 helposti vy\u00f6h\u00f6n, hihnaan tai hihnaan.<\/p>\n","protected":false},"featured_media":63978,"template":"","meta":{"_acf_changed":false},"product_brand":[],"product_cat":[751],"product_tag":[],"class_list":{"0":"post-64220","1":"product","2":"type-product","3":"status-publish","4":"has-post-thumbnail","6":"product_cat-monokeli","8":"first","9":"instock","10":"purchasable","11":"product-type-simple"},"acf":[],"_links":{"self":[{"href":"https:\/\/kingarms.ee\/fi\/wp-json\/wp\/v2\/product\/64220","targetHints":{"allow":["GET"]}}],"collection":[{"href":"https:\/\/kingarms.ee\/fi\/wp-json\/wp\/v2\/product"}],"about":[{"href":"https:\/\/kingarms.ee\/fi\/wp-json\/wp\/v2\/types\/product"}],"wp:featuredmedia":[{"embeddable":true,"href":"https:\/\/kingarms.ee\/fi\/wp-json\/wp\/v2\/media\/63978"}],"wp:attachment":[{"href":"https:\/\/kingarms.ee\/fi\/wp-json\/wp\/v2\/media?parent=64220"}],"wp:term":[{"taxonomy":"product_brand","embeddable":true,"href":"https:\/\/kingarms.ee\/fi\/wp-json\/wp\/v2\/product_brand?post=64220"},{"taxonomy":"product_cat","embeddable":true,"href":"https:\/\/kingarms.ee\/fi\/wp-json\/wp\/v2\/product_cat?post=64220"},{"taxonomy":"product_tag","embeddable":true,"href":"https:\/\/kingarms.ee\/fi\/wp-json\/wp\/v2\/product_tag?post=64220"}],"curies":[{"name":"wp","href":"https:\/\/api.w.org\/{rel}","templated":true}]}}