{"id":64221,"date":"2022-10-17T15:47:10","date_gmt":"2022-10-17T13:15:44","guid":{"rendered":"https:\/\/kingarms.ee\/product\/softshell-tuulejope\/"},"modified":"2024-08-08T12:30:43","modified_gmt":"2024-08-08T09:30:43","slug":"softshell-tuulejope-2","status":"publish","type":"product","link":"https:\/\/kingarms.ee\/fi\/product\/softshell-tuulejope-2\/","title":{"rendered":"Softshell tuulejope"},"content":{"rendered":"","protected":false},"excerpt":{"rendered":"<p>Ainutlaatuisessa MAPA\u00ae-maastossa olevat taktiset varusteet, jotka on tarkoitettu siviilik\u00e4ytt\u00e4jille sek\u00e4 ampuma- ja puolustusj\u00e4rjest\u00f6jen j\u00e4senille. Tarkoitettu k\u00e4ytt\u00e4jille, jotka ovat kiinnostuneita armeijasta ja jotka viett\u00e4v\u00e4t aktiivisesti aikaansa ulkona vaikeassa maastossa ja vaikeissa, \u00e4\u00e4rimm\u00e4isiss\u00e4 olosuhteissa.<\/p>\n","protected":false},"featured_media":64155,"template":"","meta":{"_acf_changed":false},"product_brand":[],"product_cat":[642],"product_tag":[],"class_list":{"0":"post-64221","1":"product","2":"type-product","3":"status-publish","4":"has-post-thumbnail","6":"product_cat-joped-fi","8":"first","9":"instock","10":"sale","11":"purchasable","12":"product-type-simple"},"acf":[],"_links":{"self":[{"href":"https:\/\/kingarms.ee\/fi\/wp-json\/wp\/v2\/product\/64221","targetHints":{"allow":["GET"]}}],"collection":[{"href":"https:\/\/kingarms.ee\/fi\/wp-json\/wp\/v2\/product"}],"about":[{"href":"https:\/\/kingarms.ee\/fi\/wp-json\/wp\/v2\/types\/product"}],"wp:featuredmedia":[{"embeddable":true,"href":"https:\/\/kingarms.ee\/fi\/wp-json\/wp\/v2\/media\/64155"}],"wp:attachment":[{"href":"https:\/\/kingarms.ee\/fi\/wp-json\/wp\/v2\/media?parent=64221"}],"wp:term":[{"taxonomy":"product_brand","embeddable":true,"href":"https:\/\/kingarms.ee\/fi\/wp-json\/wp\/v2\/product_brand?post=64221"},{"taxonomy":"product_cat","embeddable":true,"href":"https:\/\/kingarms.ee\/fi\/wp-json\/wp\/v2\/product_cat?post=64221"},{"taxonomy":"product_tag","embeddable":true,"href":"https:\/\/kingarms.ee\/fi\/wp-json\/wp\/v2\/product_tag?post=64221"}],"curies":[{"name":"wp","href":"https:\/\/api.w.org\/{rel}","templated":true}]}}