{"id":64230,"date":"2022-10-17T15:47:21","date_gmt":"2022-10-17T13:15:44","guid":{"rendered":"https:\/\/kingarms.ee\/product\/kotelo-kiikaritahtaimelle-l-vortex\/"},"modified":"2024-08-08T12:15:35","modified_gmt":"2024-08-08T09:15:35","slug":"case-for-riflescope-l-vortex-2","status":"publish","type":"product","link":"https:\/\/kingarms.ee\/fi\/product\/case-for-riflescope-l-vortex-2\/","title":{"rendered":"Kotelo kiikarit\u00e4ht\u00e4imelle L  [Vortex]"},"content":{"rendered":"","protected":false},"excerpt":{"rendered":"<p>Vortex<\/p>\n<p>Suojaa t\u00e4ht\u00e4imesi s\u00e4\u00e4lt\u00e4 kest\u00e4v\u00e4ll\u00e4 veden- ja s\u00e4\u00e4nkest\u00e4v\u00e4ll\u00e4 SURE FIT -suojuksella. T\u00e4m\u00e4 venyv\u00e4 suojus on helppo laittaa p\u00e4\u00e4lle ja pit\u00e4\u00e4 kaukoputken puhtaana liasta, p\u00f6lyst\u00e4 ja roskista.<\/p>\n","protected":false},"featured_media":63954,"template":"","meta":{"_acf_changed":false},"product_brand":[],"product_cat":[738],"product_tag":[],"class_list":{"0":"post-64230","1":"product","2":"type-product","3":"status-publish","4":"has-post-thumbnail","6":"product_cat-lisavarusteet-fi","8":"first","9":"instock","10":"purchasable","11":"product-type-simple"},"acf":[],"_links":{"self":[{"href":"https:\/\/kingarms.ee\/fi\/wp-json\/wp\/v2\/product\/64230","targetHints":{"allow":["GET"]}}],"collection":[{"href":"https:\/\/kingarms.ee\/fi\/wp-json\/wp\/v2\/product"}],"about":[{"href":"https:\/\/kingarms.ee\/fi\/wp-json\/wp\/v2\/types\/product"}],"wp:featuredmedia":[{"embeddable":true,"href":"https:\/\/kingarms.ee\/fi\/wp-json\/wp\/v2\/media\/63954"}],"wp:attachment":[{"href":"https:\/\/kingarms.ee\/fi\/wp-json\/wp\/v2\/media?parent=64230"}],"wp:term":[{"taxonomy":"product_brand","embeddable":true,"href":"https:\/\/kingarms.ee\/fi\/wp-json\/wp\/v2\/product_brand?post=64230"},{"taxonomy":"product_cat","embeddable":true,"href":"https:\/\/kingarms.ee\/fi\/wp-json\/wp\/v2\/product_cat?post=64230"},{"taxonomy":"product_tag","embeddable":true,"href":"https:\/\/kingarms.ee\/fi\/wp-json\/wp\/v2\/product_tag?post=64230"}],"curies":[{"name":"wp","href":"https:\/\/api.w.org\/{rel}","templated":true}]}}