{"id":64232,"date":"2022-10-17T15:47:10","date_gmt":"2022-10-17T13:15:44","guid":{"rendered":"https:\/\/kingarms.ee\/product\/sadepuku\/"},"modified":"2024-08-08T12:32:09","modified_gmt":"2024-08-08T09:32:09","slug":"sadepuku","status":"publish","type":"product","link":"https:\/\/kingarms.ee\/fi\/product\/sadepuku\/","title":{"rendered":"Sadepuku"},"content":{"rendered":"","protected":false},"excerpt":{"rendered":"<p>takki piilovetoketjulla ja 2 painonapilla<br \/>\n2 piilotettua lantiotaskua<br \/>\npiilotettu huppu kauluksessa, jossa on kiristysnauha ja vetoketju<br \/>\nsel\u00e4n tuuletus verkolla<br \/>\ntuuletussilmukat kainalossa<br \/>\npaina nappeja hihan helmaan ja<br \/>\nkiristysnauha vy\u00f6t\u00e4r\u00f6ll\u00e4<br \/>\nhousut, joissa on joustava vy\u00f6t\u00e4r\u00f6nauha<br \/>\n2 piilotettua viiltotaskua sivuilla<br \/>\nalareuna s\u00e4\u00e4dett\u00e4viss\u00e4 painonapeilla<\/p>\n","protected":false},"featured_media":64139,"template":"","meta":{"_acf_changed":false},"product_brand":[],"product_cat":[879,263],"product_tag":[],"class_list":{"0":"post-64232","1":"product","2":"type-product","3":"status-publish","4":"has-post-thumbnail","6":"product_cat-sarjat","7":"product_cat-vaatteet-ja-jalkineet","9":"first","10":"instock","11":"sale","12":"purchasable","13":"product-type-simple"},"acf":[],"_links":{"self":[{"href":"https:\/\/kingarms.ee\/fi\/wp-json\/wp\/v2\/product\/64232","targetHints":{"allow":["GET"]}}],"collection":[{"href":"https:\/\/kingarms.ee\/fi\/wp-json\/wp\/v2\/product"}],"about":[{"href":"https:\/\/kingarms.ee\/fi\/wp-json\/wp\/v2\/types\/product"}],"wp:featuredmedia":[{"embeddable":true,"href":"https:\/\/kingarms.ee\/fi\/wp-json\/wp\/v2\/media\/64139"}],"wp:attachment":[{"href":"https:\/\/kingarms.ee\/fi\/wp-json\/wp\/v2\/media?parent=64232"}],"wp:term":[{"taxonomy":"product_brand","embeddable":true,"href":"https:\/\/kingarms.ee\/fi\/wp-json\/wp\/v2\/product_brand?post=64232"},{"taxonomy":"product_cat","embeddable":true,"href":"https:\/\/kingarms.ee\/fi\/wp-json\/wp\/v2\/product_cat?post=64232"},{"taxonomy":"product_tag","embeddable":true,"href":"https:\/\/kingarms.ee\/fi\/wp-json\/wp\/v2\/product_tag?post=64232"}],"curies":[{"name":"wp","href":"https:\/\/api.w.org\/{rel}","templated":true}]}}