{"id":64234,"date":"2022-10-17T15:47:21","date_gmt":"2022-10-17T13:15:45","guid":{"rendered":"https:\/\/kingarms.ee\/product\/monokulaari-solo-8x36-vortex\/"},"modified":"2024-08-08T12:16:19","modified_gmt":"2024-08-08T09:16:19","slug":"monokulaarinen-solo-8x36-vortex-monokulaari","status":"publish","type":"product","link":"https:\/\/kingarms.ee\/fi\/product\/monokulaarinen-solo-8x36-vortex-monokulaari\/","title":{"rendered":"Monokulaari Solo 8&#215;36  [Vortex]"},"content":{"rendered":"","protected":false},"excerpt":{"rendered":"<p>Vortexin Solo 10&#215;36 -monokulaari Solo 10&#215;36 soveltuu runsaan objektiivin, vakaan kuvan ja s\u00e4\u00e4nkest\u00e4v\u00e4n kotelon ansiosta lintujen tarkkailuun, vaellukselle, mets\u00e4stykseen, matkoille, n\u00e4ht\u00e4vyyksien katseluun, konsertteihin, urheiluun, teatteriin &#8211; minne tahansa, miss\u00e4 haluat n\u00e4hd\u00e4 kaukaisia yksityiskohtia. Solon 8-kertaisella suurennuksella on runsaasti tehoa pitk\u00e4n matkan havaintoihin, mutta se on v\u00e4hemm\u00e4n altis kuvan t\u00e4r\u00e4htelylle kuin tehokkaampi optiikka. 36 mm:n objektiivi ker\u00e4\u00e4 valoa ja antaa kirkkaan kuvan my\u00f6s h\u00e4m\u00e4r\u00e4ss\u00e4, kuten aamu- ja iltah\u00e4m\u00e4r\u00e4ss\u00e4. T\u00e4m\u00e4 suurennoksen ja objektiivin koon yhdistelm\u00e4 tuottaa laajan 60\u00b0 n\u00e4enn\u00e4isen kuvakulman &#8211; se on l\u00e4hes 400 jalkaa 1000 metrin et\u00e4isyydelt\u00e4. T\u00e4m\u00e4 monokulaari tarjoaa my\u00f6s eritt\u00e4in k\u00e4ytt\u00f6kelpoisen l\u00e4hitarkennuset\u00e4isyyden, joka on vain 16,4 jalkaa.<\/p>\n","protected":false},"featured_media":63987,"template":"","meta":{"_acf_changed":false},"product_brand":[],"product_cat":[751],"product_tag":[],"class_list":{"0":"post-64234","1":"product","2":"type-product","3":"status-publish","4":"has-post-thumbnail","6":"product_cat-monokeli","8":"first","9":"instock","10":"purchasable","11":"product-type-simple"},"acf":[],"_links":{"self":[{"href":"https:\/\/kingarms.ee\/fi\/wp-json\/wp\/v2\/product\/64234","targetHints":{"allow":["GET"]}}],"collection":[{"href":"https:\/\/kingarms.ee\/fi\/wp-json\/wp\/v2\/product"}],"about":[{"href":"https:\/\/kingarms.ee\/fi\/wp-json\/wp\/v2\/types\/product"}],"wp:featuredmedia":[{"embeddable":true,"href":"https:\/\/kingarms.ee\/fi\/wp-json\/wp\/v2\/media\/63987"}],"wp:attachment":[{"href":"https:\/\/kingarms.ee\/fi\/wp-json\/wp\/v2\/media?parent=64234"}],"wp:term":[{"taxonomy":"product_brand","embeddable":true,"href":"https:\/\/kingarms.ee\/fi\/wp-json\/wp\/v2\/product_brand?post=64234"},{"taxonomy":"product_cat","embeddable":true,"href":"https:\/\/kingarms.ee\/fi\/wp-json\/wp\/v2\/product_cat?post=64234"},{"taxonomy":"product_tag","embeddable":true,"href":"https:\/\/kingarms.ee\/fi\/wp-json\/wp\/v2\/product_tag?post=64234"}],"curies":[{"name":"wp","href":"https:\/\/api.w.org\/{rel}","templated":true}]}}