{"id":64247,"date":"2022-10-17T15:47:21","date_gmt":"2022-10-17T13:15:46","guid":{"rendered":"https:\/\/kingarms.ee\/product\/valjaiden-hihna-vortex\/"},"modified":"2024-08-08T12:18:26","modified_gmt":"2024-08-08T09:18:26","slug":"valjaat-hihna-pyorre","status":"publish","type":"product","link":"https:\/\/kingarms.ee\/fi\/product\/valjaat-hihna-pyorre\/","title":{"rendered":"Valjaiden hihna  [Vortex]"},"content":{"rendered":"","protected":false},"excerpt":{"rendered":"<p>Vortex<\/p>\n<p>Sano hyv\u00e4stit niskan rasitukselle ja pid\u00e4 kiikarit poikki, kun vaellat polulla Vortexin kiikarivaljaiden hihnan avulla. T\u00e4m\u00e4 hihna levitt\u00e4\u00e4 kiikarin painon hartioillesi, jotta katselu olisi rennompaa, ja est\u00e4\u00e4 kiikaria, et\u00e4isyysmittaria tai jopa kameraa t\u00f6nim\u00e4st\u00e4 k\u00e4velless\u00e4si ja vapauttaa k\u00e4tesi k\u00e4yt\u00f6n.<\/p>\n","protected":false},"featured_media":63946,"template":"","meta":{"_acf_changed":false},"product_brand":[],"product_cat":[750,265],"product_tag":[],"class_list":{"0":"post-64247","1":"product","2":"type-product","3":"status-publish","4":"has-post-thumbnail","6":"product_cat-kiikarit","7":"product_cat-takit-ja-valjaat","9":"first","10":"instock","11":"purchasable","12":"product-type-simple"},"acf":[],"_links":{"self":[{"href":"https:\/\/kingarms.ee\/fi\/wp-json\/wp\/v2\/product\/64247","targetHints":{"allow":["GET"]}}],"collection":[{"href":"https:\/\/kingarms.ee\/fi\/wp-json\/wp\/v2\/product"}],"about":[{"href":"https:\/\/kingarms.ee\/fi\/wp-json\/wp\/v2\/types\/product"}],"wp:featuredmedia":[{"embeddable":true,"href":"https:\/\/kingarms.ee\/fi\/wp-json\/wp\/v2\/media\/63946"}],"wp:attachment":[{"href":"https:\/\/kingarms.ee\/fi\/wp-json\/wp\/v2\/media?parent=64247"}],"wp:term":[{"taxonomy":"product_brand","embeddable":true,"href":"https:\/\/kingarms.ee\/fi\/wp-json\/wp\/v2\/product_brand?post=64247"},{"taxonomy":"product_cat","embeddable":true,"href":"https:\/\/kingarms.ee\/fi\/wp-json\/wp\/v2\/product_cat?post=64247"},{"taxonomy":"product_tag","embeddable":true,"href":"https:\/\/kingarms.ee\/fi\/wp-json\/wp\/v2\/product_tag?post=64247"}],"curies":[{"name":"wp","href":"https:\/\/api.w.org\/{rel}","templated":true}]}}