{"id":64248,"date":"2022-10-17T15:47:21","date_gmt":"2022-10-17T13:15:46","guid":{"rendered":"https:\/\/kingarms.ee\/product\/riippumatto-lesovik\/"},"modified":"2024-08-08T12:19:09","modified_gmt":"2024-08-08T09:19:09","slug":"riippumatto-lesovik","status":"publish","type":"product","link":"https:\/\/kingarms.ee\/fi\/product\/riippumatto-lesovik\/","title":{"rendered":"Riippumatto  [Lesovik]"},"content":{"rendered":"","protected":false},"excerpt":{"rendered":"<p>Riippumatto [Lesovik]<\/p>\n<p>Kun nukut riippumatossa, tavallinen makuupussi puristuu kokoon, jolloin sen sivut ja pohja eiv\u00e4t ole yht\u00e4 hyvin eristettyj\u00e4. Se on erityisen hankalaa kylmempin\u00e4 vuodenaikoina, kuten syksyll\u00e4, talvella tai aikaisin kev\u00e4\u00e4ll\u00e4, jolloin parhaatkaan makuualustat eiv\u00e4t takaa riitt\u00e4v\u00e4\u00e4 suojaa kylm\u00e4lt\u00e4. OTUL Underquilt ymp\u00e4r\u00f6i riippumattosi sivut ja pohjan ja sitoo kehosi l\u00e4mmitt\u00e4m\u00e4n ilman, jotta saat mukavat ja ihanat y\u00f6unet my\u00f6s kylm\u00e4ll\u00e4 s\u00e4\u00e4ll\u00e4. Kun saat OTUL:n, sinun ei tarvitse en\u00e4\u00e4 k\u00e4ytt\u00e4\u00e4 makuualustaa!<br \/>\nOTUL on markkinoiden kevyin t\u00e4ysikokoinen synteettinen aluspeitto samassa l\u00e4mp\u00f6tilaluokassa.<\/p>\n","protected":false},"featured_media":63942,"template":"","meta":{"_acf_changed":false},"product_brand":[],"product_cat":[352],"product_tag":[],"class_list":{"0":"post-64248","1":"product","2":"type-product","3":"status-publish","4":"has-post-thumbnail","6":"product_cat-matkatavarat","8":"first","9":"instock","10":"sale","11":"purchasable","12":"product-type-simple"},"acf":[],"_links":{"self":[{"href":"https:\/\/kingarms.ee\/fi\/wp-json\/wp\/v2\/product\/64248","targetHints":{"allow":["GET"]}}],"collection":[{"href":"https:\/\/kingarms.ee\/fi\/wp-json\/wp\/v2\/product"}],"about":[{"href":"https:\/\/kingarms.ee\/fi\/wp-json\/wp\/v2\/types\/product"}],"wp:featuredmedia":[{"embeddable":true,"href":"https:\/\/kingarms.ee\/fi\/wp-json\/wp\/v2\/media\/63942"}],"wp:attachment":[{"href":"https:\/\/kingarms.ee\/fi\/wp-json\/wp\/v2\/media?parent=64248"}],"wp:term":[{"taxonomy":"product_brand","embeddable":true,"href":"https:\/\/kingarms.ee\/fi\/wp-json\/wp\/v2\/product_brand?post=64248"},{"taxonomy":"product_cat","embeddable":true,"href":"https:\/\/kingarms.ee\/fi\/wp-json\/wp\/v2\/product_cat?post=64248"},{"taxonomy":"product_tag","embeddable":true,"href":"https:\/\/kingarms.ee\/fi\/wp-json\/wp\/v2\/product_tag?post=64248"}],"curies":[{"name":"wp","href":"https:\/\/api.w.org\/{rel}","templated":true}]}}