{"id":64259,"date":"2022-10-17T15:47:21","date_gmt":"2022-10-17T13:19:33","guid":{"rendered":"https:\/\/kingarms.ee\/product\/lukitse-prosecur-liipaisin-walther\/"},"modified":"2024-08-08T12:21:15","modified_gmt":"2024-08-08T09:21:15","slug":"lock-prosecur-trigger-walther","status":"publish","type":"product","link":"https:\/\/kingarms.ee\/fi\/product\/lock-prosecur-trigger-walther\/","title":{"rendered":"Lukitse ProSecur-liipaisin  [Walther]"},"content":{"rendered":"","protected":false},"excerpt":{"rendered":"<p>Umarex Walther ProSecur liipaisimen lukko<br \/>\nUmarex Walther ProSecur -liipaisimen lukko suojaa aseesi luvattomalta k\u00e4yt\u00f6lt\u00e4. Lukossa on kumityyny, joka suojaa asetta erityisen hyvin ja est\u00e4\u00e4 naarmuja. ProSecur-lukon mukana toimitetaan kaksi avainta.<\/p>\n","protected":false},"featured_media":63918,"template":"","meta":{"_acf_changed":false},"product_brand":[],"product_cat":[738],"product_tag":[],"class_list":{"0":"post-64259","1":"product","2":"type-product","3":"status-publish","4":"has-post-thumbnail","6":"product_cat-lisavarusteet-fi","8":"first","9":"instock","10":"purchasable","11":"product-type-simple"},"acf":[],"_links":{"self":[{"href":"https:\/\/kingarms.ee\/fi\/wp-json\/wp\/v2\/product\/64259","targetHints":{"allow":["GET"]}}],"collection":[{"href":"https:\/\/kingarms.ee\/fi\/wp-json\/wp\/v2\/product"}],"about":[{"href":"https:\/\/kingarms.ee\/fi\/wp-json\/wp\/v2\/types\/product"}],"wp:featuredmedia":[{"embeddable":true,"href":"https:\/\/kingarms.ee\/fi\/wp-json\/wp\/v2\/media\/63918"}],"wp:attachment":[{"href":"https:\/\/kingarms.ee\/fi\/wp-json\/wp\/v2\/media?parent=64259"}],"wp:term":[{"taxonomy":"product_brand","embeddable":true,"href":"https:\/\/kingarms.ee\/fi\/wp-json\/wp\/v2\/product_brand?post=64259"},{"taxonomy":"product_cat","embeddable":true,"href":"https:\/\/kingarms.ee\/fi\/wp-json\/wp\/v2\/product_cat?post=64259"},{"taxonomy":"product_tag","embeddable":true,"href":"https:\/\/kingarms.ee\/fi\/wp-json\/wp\/v2\/product_tag?post=64259"}],"curies":[{"name":"wp","href":"https:\/\/api.w.org\/{rel}","templated":true}]}}