{"id":64261,"date":"2022-10-17T15:47:21","date_gmt":"2022-10-17T13:19:33","guid":{"rendered":"https:\/\/kingarms.ee\/product\/merenkulun-kyparan-suojus\/"},"modified":"2024-08-08T12:22:14","modified_gmt":"2024-08-08T09:22:14","slug":"merikyparan-suojus","status":"publish","type":"product","link":"https:\/\/kingarms.ee\/fi\/product\/merikyparan-suojus\/","title":{"rendered":"Merenkulun kyp\u00e4r\u00e4n suojus"},"content":{"rendered":"","protected":false},"excerpt":{"rendered":"<p>Valmistaja: FMA<br \/>\nMateriaali: Tarranauha: Nylon + verkko + tarranauha<br \/>\nPaino: 55g<br \/>\nOminaisuudet:<br \/>\nAinoastaan FMA FMA Merenkulkukyp\u00e4r\u00e4n k\u00e4ytt\u00f6\u00f6n soveltuva FMA FMA Merenkulkukyp\u00e4r\u00e4<br \/>\nValmistettu korkealaatuisesta nailonmateriaalista<\/p>\n","protected":false},"featured_media":63878,"template":"","meta":{"_acf_changed":false},"product_brand":[],"product_cat":[259,261,835],"product_tag":[],"class_list":{"0":"post-64261","1":"product","2":"type-product","3":"status-publish","4":"has-post-thumbnail","6":"product_cat-suojavarusteet","7":"product_cat-kyparat","8":"product_cat-kyparakiinnikkeet","10":"first","11":"instock","12":"purchasable","13":"product-type-simple"},"acf":[],"_links":{"self":[{"href":"https:\/\/kingarms.ee\/fi\/wp-json\/wp\/v2\/product\/64261","targetHints":{"allow":["GET"]}}],"collection":[{"href":"https:\/\/kingarms.ee\/fi\/wp-json\/wp\/v2\/product"}],"about":[{"href":"https:\/\/kingarms.ee\/fi\/wp-json\/wp\/v2\/types\/product"}],"wp:featuredmedia":[{"embeddable":true,"href":"https:\/\/kingarms.ee\/fi\/wp-json\/wp\/v2\/media\/63878"}],"wp:attachment":[{"href":"https:\/\/kingarms.ee\/fi\/wp-json\/wp\/v2\/media?parent=64261"}],"wp:term":[{"taxonomy":"product_brand","embeddable":true,"href":"https:\/\/kingarms.ee\/fi\/wp-json\/wp\/v2\/product_brand?post=64261"},{"taxonomy":"product_cat","embeddable":true,"href":"https:\/\/kingarms.ee\/fi\/wp-json\/wp\/v2\/product_cat?post=64261"},{"taxonomy":"product_tag","embeddable":true,"href":"https:\/\/kingarms.ee\/fi\/wp-json\/wp\/v2\/product_tag?post=64261"}],"curies":[{"name":"wp","href":"https:\/\/api.w.org\/{rel}","templated":true}]}}