{"id":64266,"date":"2022-10-17T15:47:32","date_gmt":"2022-10-17T13:19:34","guid":{"rendered":"https:\/\/kingarms.ee\/product\/glock-17-gen-4-takaisku-glock\/"},"modified":"2025-03-02T17:53:49","modified_gmt":"2025-03-02T14:53:49","slug":"glock-17-gen-4-blowback-glock","status":"publish","type":"product","link":"https:\/\/kingarms.ee\/fi\/product\/glock-17-gen-4-blowback-glock\/","title":{"rendered":"Glock 17 gen 4 blowback Glock"},"content":{"rendered":"","protected":false},"excerpt":{"rendered":"<p>Glock 17 gen 4 blowback Glock<\/p>\n<p>Kiinnityskiskojen lukum\u00e4\u00e4r\u00e4 1<br \/>\nKaliiperi[mm] 4,46 mm<br \/>\nVoidaan asentaa<br \/>\nlaser t\u00e4ht\u00e4in,<br \/>\ntaskulamppu<br \/>\nKelaus pieni (enint\u00e4\u00e4n 10 J)<br \/>\nLippaan kapasiteetti [pcs] 18<br \/>\nL\u00e4ht\u00f6nopeus [m \/ s] 130<br \/>\nKiskotyyppi 22 mm<\/p>\n","protected":false},"featured_media":148345,"template":"","meta":{"_acf_changed":false},"product_brand":[],"product_cat":[672],"product_tag":[],"class_list":{"0":"post-64266","1":"product","2":"type-product","3":"status-publish","4":"has-post-thumbnail","6":"product_cat-pienaseet","8":"first","9":"instock","10":"taxable","11":"shipping-taxable","12":"purchasable","13":"product-type-simple"},"acf":[],"_links":{"self":[{"href":"https:\/\/kingarms.ee\/fi\/wp-json\/wp\/v2\/product\/64266","targetHints":{"allow":["GET"]}}],"collection":[{"href":"https:\/\/kingarms.ee\/fi\/wp-json\/wp\/v2\/product"}],"about":[{"href":"https:\/\/kingarms.ee\/fi\/wp-json\/wp\/v2\/types\/product"}],"wp:featuredmedia":[{"embeddable":true,"href":"https:\/\/kingarms.ee\/fi\/wp-json\/wp\/v2\/media\/148345"}],"wp:attachment":[{"href":"https:\/\/kingarms.ee\/fi\/wp-json\/wp\/v2\/media?parent=64266"}],"wp:term":[{"taxonomy":"product_brand","embeddable":true,"href":"https:\/\/kingarms.ee\/fi\/wp-json\/wp\/v2\/product_brand?post=64266"},{"taxonomy":"product_cat","embeddable":true,"href":"https:\/\/kingarms.ee\/fi\/wp-json\/wp\/v2\/product_cat?post=64266"},{"taxonomy":"product_tag","embeddable":true,"href":"https:\/\/kingarms.ee\/fi\/wp-json\/wp\/v2\/product_tag?post=64266"}],"curies":[{"name":"wp","href":"https:\/\/api.w.org\/{rel}","templated":true}]}}