{"id":64286,"date":"2022-10-17T15:47:21","date_gmt":"2022-10-17T13:19:36","guid":{"rendered":"https:\/\/kingarms.ee\/product\/jousi-peto-metsastaja-15-20lb-poelang\/"},"modified":"2024-08-08T12:25:46","modified_gmt":"2024-08-08T09:25:46","slug":"jousi-petometsastaja-15-20lb-poelangi","status":"publish","type":"product","link":"https:\/\/kingarms.ee\/fi\/product\/jousi-petometsastaja-15-20lb-poelangi\/","title":{"rendered":"Jousi peto mets\u00e4st\u00e4j\u00e4 15-20lb  [Poelang]"},"content":{"rendered":"","protected":false},"excerpt":{"rendered":"<p>Jousi peto mets\u00e4st\u00e4j\u00e4 15-20lb [Poelang]<\/p>\n<p>Klassisen Beast Hunter -jousen nimelt\u00e4 Beetle on vetopainoltaan 15-20 kiloa. Se sopii junioreille ja enint\u00e4\u00e4n 165 cm pitkille naisille. Kuolleen noston pituus vaihtelee 22-26 tuuman v\u00e4lill\u00e4. Vieh\u00e4tt\u00e4v\u00e4st\u00e4 muotoilusta huolehtivat sininen metallijousirunko ja valkoiset lasilaminaattivarret.<\/p>\n","protected":false},"featured_media":63910,"template":"","meta":{"_acf_changed":false},"product_brand":[],"product_cat":[257,803],"product_tag":[],"class_list":{"0":"post-64286","1":"product","2":"type-product","3":"status-publish","4":"has-post-thumbnail","6":"product_cat-keula-ja-pitkajousi","7":"product_cat-jouset","9":"first","10":"onbackorder","11":"product-type-simple"},"acf":[],"_links":{"self":[{"href":"https:\/\/kingarms.ee\/fi\/wp-json\/wp\/v2\/product\/64286","targetHints":{"allow":["GET"]}}],"collection":[{"href":"https:\/\/kingarms.ee\/fi\/wp-json\/wp\/v2\/product"}],"about":[{"href":"https:\/\/kingarms.ee\/fi\/wp-json\/wp\/v2\/types\/product"}],"wp:featuredmedia":[{"embeddable":true,"href":"https:\/\/kingarms.ee\/fi\/wp-json\/wp\/v2\/media\/63910"}],"wp:attachment":[{"href":"https:\/\/kingarms.ee\/fi\/wp-json\/wp\/v2\/media?parent=64286"}],"wp:term":[{"taxonomy":"product_brand","embeddable":true,"href":"https:\/\/kingarms.ee\/fi\/wp-json\/wp\/v2\/product_brand?post=64286"},{"taxonomy":"product_cat","embeddable":true,"href":"https:\/\/kingarms.ee\/fi\/wp-json\/wp\/v2\/product_cat?post=64286"},{"taxonomy":"product_tag","embeddable":true,"href":"https:\/\/kingarms.ee\/fi\/wp-json\/wp\/v2\/product_tag?post=64286"}],"curies":[{"name":"wp","href":"https:\/\/api.w.org\/{rel}","templated":true}]}}