{"id":64292,"date":"2022-10-17T15:47:32","date_gmt":"2022-10-17T13:19:36","guid":{"rendered":"https:\/\/kingarms.ee\/product\/ilmakivaari-px4-storm-45-mm-beretta\/"},"modified":"2024-08-08T12:08:19","modified_gmt":"2024-08-08T09:08:19","slug":"air-rifle-px4-storm-4-5-mm-beretta-2","status":"publish","type":"product","link":"https:\/\/kingarms.ee\/fi\/product\/air-rifle-px4-storm-4-5-mm-beretta-2\/","title":{"rendered":"Ilmakiv\u00e4\u00e4ri Px4 Storm 4,5 mm  [Beretta]"},"content":{"rendered":"","protected":false},"excerpt":{"rendered":"<p>Ilmakiv\u00e4\u00e4ri Px4 Storm 4,5 mm [Beretta]<\/p>\n<p>Patruunan liike-energia [J] 3.5<br \/>\nKaliiperi[mm] 4,5 mm<br \/>\nVoidaan asentaa<br \/>\nlaser t\u00e4ht\u00e4in,<br \/>\ntaskulamppu<br \/>\nLipaskapasiteetti [pcs] 2 x 8 kpl<br \/>\nLaukauksen tyyppi BB<br \/>\nTurvatyyppinen k\u00e4sisulake<br \/>\nTehotyyppi CO2 12 g<br \/>\nKokonaispituus [mm] 192<br \/>\nPiipun pituus [mm] 105<br \/>\nPaino [g] 755<\/p>\n","protected":false},"featured_media":63790,"template":"","meta":{"_acf_changed":false},"product_brand":[],"product_cat":[253,672],"product_tag":[],"class_list":{"0":"post-64292","1":"product","2":"type-product","3":"status-publish","4":"has-post-thumbnail","6":"product_cat-ilmakivaarit-4-5mm","7":"product_cat-pienaseet","9":"first","10":"instock","11":"taxable","12":"shipping-taxable","13":"purchasable","14":"product-type-simple"},"acf":[],"_links":{"self":[{"href":"https:\/\/kingarms.ee\/fi\/wp-json\/wp\/v2\/product\/64292","targetHints":{"allow":["GET"]}}],"collection":[{"href":"https:\/\/kingarms.ee\/fi\/wp-json\/wp\/v2\/product"}],"about":[{"href":"https:\/\/kingarms.ee\/fi\/wp-json\/wp\/v2\/types\/product"}],"wp:featuredmedia":[{"embeddable":true,"href":"https:\/\/kingarms.ee\/fi\/wp-json\/wp\/v2\/media\/63790"}],"wp:attachment":[{"href":"https:\/\/kingarms.ee\/fi\/wp-json\/wp\/v2\/media?parent=64292"}],"wp:term":[{"taxonomy":"product_brand","embeddable":true,"href":"https:\/\/kingarms.ee\/fi\/wp-json\/wp\/v2\/product_brand?post=64292"},{"taxonomy":"product_cat","embeddable":true,"href":"https:\/\/kingarms.ee\/fi\/wp-json\/wp\/v2\/product_cat?post=64292"},{"taxonomy":"product_tag","embeddable":true,"href":"https:\/\/kingarms.ee\/fi\/wp-json\/wp\/v2\/product_tag?post=64292"}],"curies":[{"name":"wp","href":"https:\/\/api.w.org\/{rel}","templated":true}]}}