{"id":64302,"date":"2022-10-17T15:47:21","date_gmt":"2022-10-17T13:19:37","guid":{"rendered":"https:\/\/kingarms.ee\/product\/laakarin-laastari-emerson-gear\/"},"modified":"2024-08-08T12:27:52","modified_gmt":"2024-08-08T09:27:52","slug":"laakintalappu-emerson-varusteet","status":"publish","type":"product","link":"https:\/\/kingarms.ee\/fi\/product\/laakintalappu-emerson-varusteet\/","title":{"rendered":"L\u00e4\u00e4k\u00e4rin laastari  [Emerson Gear]"},"content":{"rendered":"","protected":false},"excerpt":{"rendered":"<p>Emerson gear<br \/>\nPvc patch medic<br \/>\nMitat cm 15,5&#215;5<\/p>\n","protected":false},"featured_media":63886,"template":"","meta":{"_acf_changed":false},"product_brand":[],"product_cat":[453],"product_tag":[],"class_list":{"0":"post-64302","1":"product","2":"type-product","3":"status-publish","4":"has-post-thumbnail","6":"product_cat-tunnukset","8":"first","9":"instock","10":"purchasable","11":"product-type-simple"},"acf":[],"_links":{"self":[{"href":"https:\/\/kingarms.ee\/fi\/wp-json\/wp\/v2\/product\/64302","targetHints":{"allow":["GET"]}}],"collection":[{"href":"https:\/\/kingarms.ee\/fi\/wp-json\/wp\/v2\/product"}],"about":[{"href":"https:\/\/kingarms.ee\/fi\/wp-json\/wp\/v2\/types\/product"}],"wp:featuredmedia":[{"embeddable":true,"href":"https:\/\/kingarms.ee\/fi\/wp-json\/wp\/v2\/media\/63886"}],"wp:attachment":[{"href":"https:\/\/kingarms.ee\/fi\/wp-json\/wp\/v2\/media?parent=64302"}],"wp:term":[{"taxonomy":"product_brand","embeddable":true,"href":"https:\/\/kingarms.ee\/fi\/wp-json\/wp\/v2\/product_brand?post=64302"},{"taxonomy":"product_cat","embeddable":true,"href":"https:\/\/kingarms.ee\/fi\/wp-json\/wp\/v2\/product_cat?post=64302"},{"taxonomy":"product_tag","embeddable":true,"href":"https:\/\/kingarms.ee\/fi\/wp-json\/wp\/v2\/product_tag?post=64302"}],"curies":[{"name":"wp","href":"https:\/\/api.w.org\/{rel}","templated":true}]}}