{"id":64307,"date":"2022-10-17T15:47:32","date_gmt":"2022-10-17T13:19:40","guid":{"rendered":"https:\/\/kingarms.ee\/product\/pelletit-diabolo-crosman\/"},"modified":"2024-08-08T12:09:46","modified_gmt":"2024-08-08T09:09:46","slug":"pelletit-diabolo-crosman","status":"publish","type":"product","link":"https:\/\/kingarms.ee\/fi\/product\/pelletit-diabolo-crosman\/","title":{"rendered":"Pelletit diabolo  [Crosman]"},"content":{"rendered":"","protected":false},"excerpt":{"rendered":"<p>Diabolohaulikot, joissa on ter\u00e4v\u00e4 k\u00e4rki, jonka ansiosta ne l\u00e4vist\u00e4v\u00e4t hyvin ja rikkovat t\u00e4ydellisesti kovempia kohteita, kuten pulloja. T\u00e4ydellinen ampumiseen lyhyilt\u00e4 ja keskipitkilt\u00e4 et\u00e4isyyksilt\u00e4.<\/p>\n","protected":false},"featured_media":63842,"template":"","meta":{"_acf_changed":false},"product_brand":[],"product_cat":[241],"product_tag":[],"class_list":{"0":"post-64307","1":"product","2":"type-product","3":"status-publish","4":"has-post-thumbnail","6":"product_cat-ilmakivaareita","8":"first","9":"onbackorder","10":"product-type-simple"},"acf":[],"_links":{"self":[{"href":"https:\/\/kingarms.ee\/fi\/wp-json\/wp\/v2\/product\/64307","targetHints":{"allow":["GET"]}}],"collection":[{"href":"https:\/\/kingarms.ee\/fi\/wp-json\/wp\/v2\/product"}],"about":[{"href":"https:\/\/kingarms.ee\/fi\/wp-json\/wp\/v2\/types\/product"}],"wp:featuredmedia":[{"embeddable":true,"href":"https:\/\/kingarms.ee\/fi\/wp-json\/wp\/v2\/media\/63842"}],"wp:attachment":[{"href":"https:\/\/kingarms.ee\/fi\/wp-json\/wp\/v2\/media?parent=64307"}],"wp:term":[{"taxonomy":"product_brand","embeddable":true,"href":"https:\/\/kingarms.ee\/fi\/wp-json\/wp\/v2\/product_brand?post=64307"},{"taxonomy":"product_cat","embeddable":true,"href":"https:\/\/kingarms.ee\/fi\/wp-json\/wp\/v2\/product_cat?post=64307"},{"taxonomy":"product_tag","embeddable":true,"href":"https:\/\/kingarms.ee\/fi\/wp-json\/wp\/v2\/product_tag?post=64307"}],"curies":[{"name":"wp","href":"https:\/\/api.w.org\/{rel}","templated":true}]}}