{"id":64309,"date":"2022-10-17T15:47:32","date_gmt":"2022-10-17T13:19:42","guid":{"rendered":"https:\/\/kingarms.ee\/product\/diabolo-pelletit-jackal-4-5-500-umarex\/"},"modified":"2024-08-08T12:10:31","modified_gmt":"2024-08-08T09:10:31","slug":"diabolo-pellets-jackal-4-5-500-umarex","status":"publish","type":"product","link":"https:\/\/kingarms.ee\/fi\/product\/diabolo-pellets-jackal-4-5-500-umarex\/","title":{"rendered":"Diabolo pelletit Jackal 4.5 \/ 500  [Umarex]"},"content":{"rendered":"","protected":false},"excerpt":{"rendered":"<p>Erinomaisen l\u00e4p\u00e4isykykykyns\u00e4 ansiosta ter\u00e4v\u00e4k\u00e4rkiset laukaukset on tarkoitettu vapaa-ajan ammuntaan, ja niit\u00e4 voidaan k\u00e4ytt\u00e4\u00e4 erityyppisten esineiden, kuten t\u00f6lkkien ja pullojen, &#8221;tuhoamiseen&#8221; ja reaktiivisten kohteiden osumiseen.<br \/>\nLis\u00e4laippa ja v\u00e4\u00e4nt\u00f6urat v\u00e4hent\u00e4v\u00e4t paineh\u00e4vi\u00f6it\u00e4 ja lis\u00e4\u00e4v\u00e4t laukauksen l\u00e4ht\u00f6nopeutta.<\/p>\n","protected":false},"featured_media":63838,"template":"","meta":{"_acf_changed":false},"product_brand":[],"product_cat":[241],"product_tag":[],"class_list":{"0":"post-64309","1":"product","2":"type-product","3":"status-publish","4":"has-post-thumbnail","6":"product_cat-ilmakivaareita","8":"first","9":"onbackorder","10":"product-type-simple"},"acf":[],"_links":{"self":[{"href":"https:\/\/kingarms.ee\/fi\/wp-json\/wp\/v2\/product\/64309","targetHints":{"allow":["GET"]}}],"collection":[{"href":"https:\/\/kingarms.ee\/fi\/wp-json\/wp\/v2\/product"}],"about":[{"href":"https:\/\/kingarms.ee\/fi\/wp-json\/wp\/v2\/types\/product"}],"wp:featuredmedia":[{"embeddable":true,"href":"https:\/\/kingarms.ee\/fi\/wp-json\/wp\/v2\/media\/63838"}],"wp:attachment":[{"href":"https:\/\/kingarms.ee\/fi\/wp-json\/wp\/v2\/media?parent=64309"}],"wp:term":[{"taxonomy":"product_brand","embeddable":true,"href":"https:\/\/kingarms.ee\/fi\/wp-json\/wp\/v2\/product_brand?post=64309"},{"taxonomy":"product_cat","embeddable":true,"href":"https:\/\/kingarms.ee\/fi\/wp-json\/wp\/v2\/product_cat?post=64309"},{"taxonomy":"product_tag","embeddable":true,"href":"https:\/\/kingarms.ee\/fi\/wp-json\/wp\/v2\/product_tag?post=64309"}],"curies":[{"name":"wp","href":"https:\/\/api.w.org\/{rel}","templated":true}]}}