{"id":64324,"date":"2022-10-17T15:47:32","date_gmt":"2022-10-17T13:19:45","guid":{"rendered":"https:\/\/kingarms.ee\/product\/diabolo-pelletit-mosquito-4-5-500-umarex\/"},"modified":"2024-08-08T12:13:21","modified_gmt":"2024-08-08T09:13:21","slug":"diabolo-pelletit-mosquito-4-5-500-umarex-umarex","status":"publish","type":"product","link":"https:\/\/kingarms.ee\/fi\/product\/diabolo-pelletit-mosquito-4-5-500-umarex-umarex\/","title":{"rendered":"Diabolo pelletit Mosquito 4.5 \/ 500  [Umarex]"},"content":{"rendered":"","protected":false},"excerpt":{"rendered":"<p>Umarex Mosquito Ribbed 4,5 \/ 500 diabolo -haulikot ovat harrastusammuntaan ja harjoitteluun tarkoitettuja nupitettuja litteit\u00e4 hauleja.<br \/>\nLitte\u00e4 p\u00e4\u00e4 leikkaa tarkasti py\u00f6reit\u00e4 reiki\u00e4, mik\u00e4 helpottaa huomattavasti pisteiden laskemista.<br \/>\nNyrkkyhaulikot toimivat parhaiten vanhemmissa karbiineissa, joissa on matalakierteiset piiput. Laukauksen massa on 0,48 g.<\/p>\n","protected":false},"featured_media":63834,"template":"","meta":{"_acf_changed":false},"product_brand":[],"product_cat":[241],"product_tag":[],"class_list":{"0":"post-64324","1":"product","2":"type-product","3":"status-publish","4":"has-post-thumbnail","6":"product_cat-ilmakivaareita","8":"first","9":"instock","10":"purchasable","11":"product-type-simple"},"acf":[],"_links":{"self":[{"href":"https:\/\/kingarms.ee\/fi\/wp-json\/wp\/v2\/product\/64324","targetHints":{"allow":["GET"]}}],"collection":[{"href":"https:\/\/kingarms.ee\/fi\/wp-json\/wp\/v2\/product"}],"about":[{"href":"https:\/\/kingarms.ee\/fi\/wp-json\/wp\/v2\/types\/product"}],"wp:featuredmedia":[{"embeddable":true,"href":"https:\/\/kingarms.ee\/fi\/wp-json\/wp\/v2\/media\/63834"}],"wp:attachment":[{"href":"https:\/\/kingarms.ee\/fi\/wp-json\/wp\/v2\/media?parent=64324"}],"wp:term":[{"taxonomy":"product_brand","embeddable":true,"href":"https:\/\/kingarms.ee\/fi\/wp-json\/wp\/v2\/product_brand?post=64324"},{"taxonomy":"product_cat","embeddable":true,"href":"https:\/\/kingarms.ee\/fi\/wp-json\/wp\/v2\/product_cat?post=64324"},{"taxonomy":"product_tag","embeddable":true,"href":"https:\/\/kingarms.ee\/fi\/wp-json\/wp\/v2\/product_tag?post=64324"}],"curies":[{"name":"wp","href":"https:\/\/api.w.org\/{rel}","templated":true}]}}