{"id":64330,"date":"2022-10-17T15:47:10","date_gmt":"2022-10-17T13:21:29","guid":{"rendered":"https:\/\/kingarms.ee\/product\/korvatulppa\/"},"modified":"2024-08-08T12:33:34","modified_gmt":"2024-08-08T09:33:34","slug":"korvatulppa","status":"publish","type":"product","link":"https:\/\/kingarms.ee\/fi\/product\/korvatulppa\/","title":{"rendered":"Korvatulppa"},"content":{"rendered":"","protected":false},"excerpt":{"rendered":"<p>Korvatulppa<\/p>\n<p>uudelleenk\u00e4ytett\u00e4v\u00e4t<br \/>\njohdolla<br \/>\n\u00e4\u00e4nenvaimennus:<br \/>\nSNR: 30 DB, H: 30 DB, M: 27 DB, L: 25 DB.<br \/>\nCE-normitettu 2754<br \/>\nEN 352-2:2002<\/p>\n","protected":false},"featured_media":64099,"template":"","meta":{"_acf_changed":false},"product_brand":[],"product_cat":[781],"product_tag":[],"class_list":{"0":"post-64330","1":"product","2":"type-product","3":"status-publish","4":"has-post-thumbnail","6":"product_cat-passiiviset-kuulokkeet","8":"first","9":"instock","10":"purchasable","11":"product-type-simple"},"acf":[],"_links":{"self":[{"href":"https:\/\/kingarms.ee\/fi\/wp-json\/wp\/v2\/product\/64330","targetHints":{"allow":["GET"]}}],"collection":[{"href":"https:\/\/kingarms.ee\/fi\/wp-json\/wp\/v2\/product"}],"about":[{"href":"https:\/\/kingarms.ee\/fi\/wp-json\/wp\/v2\/types\/product"}],"wp:featuredmedia":[{"embeddable":true,"href":"https:\/\/kingarms.ee\/fi\/wp-json\/wp\/v2\/media\/64099"}],"wp:attachment":[{"href":"https:\/\/kingarms.ee\/fi\/wp-json\/wp\/v2\/media?parent=64330"}],"wp:term":[{"taxonomy":"product_brand","embeddable":true,"href":"https:\/\/kingarms.ee\/fi\/wp-json\/wp\/v2\/product_brand?post=64330"},{"taxonomy":"product_cat","embeddable":true,"href":"https:\/\/kingarms.ee\/fi\/wp-json\/wp\/v2\/product_cat?post=64330"},{"taxonomy":"product_tag","embeddable":true,"href":"https:\/\/kingarms.ee\/fi\/wp-json\/wp\/v2\/product_tag?post=64330"}],"curies":[{"name":"wp","href":"https:\/\/api.w.org\/{rel}","templated":true}]}}