{"id":64333,"date":"2022-10-17T15:47:10","date_gmt":"2022-10-17T13:21:29","guid":{"rendered":"https:\/\/kingarms.ee\/product\/punapistetahtain-vortex\/"},"modified":"2024-08-08T12:34:17","modified_gmt":"2024-08-08T09:34:17","slug":"red-dot-spitfire-ar-1x-vortex","status":"publish","type":"product","link":"https:\/\/kingarms.ee\/fi\/product\/red-dot-spitfire-ar-1x-vortex\/","title":{"rendered":"Punapiste Spitfire AR 1x  [Vortex]"},"content":{"rendered":"","protected":false},"excerpt":{"rendered":"<p>Punapiste Spitfire AR 1x [Vortex] Kun ampujat vaativat punapisteen nopeak\u00e4ytt\u00f6isi\u00e4 ominaisuuksia, mutta k\u00e4rsiv\u00e4t punapisteiden t\u00e4htipistevaikutuksista yleisen astigmatismin vuoksi, Spitfire AR on t\u00e4ydellinen valinta. Lasiin kaiverrettua DRT- (Dual Ring Tactical) verkkokalvoa voidaan k\u00e4ytt\u00e4\u00e4 punaisen\/vihre\u00e4n valaistuksen kanssa tai ilman sit\u00e4 perinteisen kiikarit\u00e4ht\u00e4imen tapaan, ja se tekee maalin ja verkkokalvon etsimisest\u00e4 l\u00e4hiet\u00e4isyydelt\u00e4 helppoa. Ainutlaatuinen Spitfire AR, mukana oleva 5.56 BDC-torni antaa ampujille mahdollisuuden valita suosittuja AR-15-kokoonpanoja 700 metrin et\u00e4isyydelle &#8211; t\u00e4ydellinen rajoitetun divisioonan 3-Gun-kilpailijoille tai ampumaradalla k\u00e4vij\u00f6ille, jotka haluavat hy\u00f6k\u00e4t\u00e4 kohteisiin tyhj\u00e4st\u00e4 pisteest\u00e4 pidemm\u00e4lle et\u00e4isyydelle.<\/p>\n<p>TEKNISET TIEDOT<\/p>\n<p>Et\u00e4isyys silm\u00e4st\u00e4 [mm] 96,5<br \/>\nT\u00e4ytt\u00f6kaasu Typpi<br \/>\nLineaarinen n\u00e4k\u00f6kentt\u00e4 100 metrin et\u00e4isyydell\u00e4 [m]. 26,3<br \/>\nSuurennus [\u00d7]. 1<br \/>\nT\u00e4ht\u00e4ysristikkotyyppi (verkkokalvo) DRT MOA<br \/>\nVirtal\u00e4hde<br \/>\nKennon virtal\u00e4hde AAA \u00d7 1<br \/>\nLis\u00e4tiedot<br \/>\nAsteittainen s\u00e4\u00e4t\u00f6 [MOA]. 1\/2<br \/>\nKotelon materiaali MIL-SPEC anodisoitu duralumiini<br \/>\nMaksimi pystysuuntainen (korkeus) s\u00e4\u00e4t\u00f6 [MOA]. 120<br \/>\nMax. vaakasuora (sy\u00f6tt\u00f6) s\u00e4\u00e4t\u00f6 [MOA]. 120<br \/>\nMitat<br \/>\nLinssin halkaisija [mm]. 25<br \/>\nKokonaispituus [mm]. 109<br \/>\nPaino [g] 346<\/p>\n","protected":false},"featured_media":64067,"template":"","meta":{"_acf_changed":false},"product_brand":[],"product_cat":[248,660],"product_tag":[],"class_list":{"0":"post-64333","1":"product","2":"type-product","3":"status-publish","4":"has-post-thumbnail","6":"product_cat-kohteet","7":"product_cat-punapistetahtaimet","9":"first","10":"instock","11":"purchasable","12":"product-type-simple"},"acf":[],"_links":{"self":[{"href":"https:\/\/kingarms.ee\/fi\/wp-json\/wp\/v2\/product\/64333","targetHints":{"allow":["GET"]}}],"collection":[{"href":"https:\/\/kingarms.ee\/fi\/wp-json\/wp\/v2\/product"}],"about":[{"href":"https:\/\/kingarms.ee\/fi\/wp-json\/wp\/v2\/types\/product"}],"wp:featuredmedia":[{"embeddable":true,"href":"https:\/\/kingarms.ee\/fi\/wp-json\/wp\/v2\/media\/64067"}],"wp:attachment":[{"href":"https:\/\/kingarms.ee\/fi\/wp-json\/wp\/v2\/media?parent=64333"}],"wp:term":[{"taxonomy":"product_brand","embeddable":true,"href":"https:\/\/kingarms.ee\/fi\/wp-json\/wp\/v2\/product_brand?post=64333"},{"taxonomy":"product_cat","embeddable":true,"href":"https:\/\/kingarms.ee\/fi\/wp-json\/wp\/v2\/product_cat?post=64333"},{"taxonomy":"product_tag","embeddable":true,"href":"https:\/\/kingarms.ee\/fi\/wp-json\/wp\/v2\/product_tag?post=64333"}],"curies":[{"name":"wp","href":"https:\/\/api.w.org\/{rel}","templated":true}]}}