{"id":64335,"date":"2022-10-17T15:47:10","date_gmt":"2022-10-17T13:21:29","guid":{"rendered":"https:\/\/kingarms.ee\/product\/kiikarit-vanquish-vortex\/"},"modified":"2024-08-08T12:35:00","modified_gmt":"2024-08-08T09:35:00","slug":"kiikarit-vanquish-vortex","status":"publish","type":"product","link":"https:\/\/kingarms.ee\/fi\/product\/kiikarit-vanquish-vortex\/","title":{"rendered":"Kiikarit Vanquish  [Vortex]"},"content":{"rendered":"","protected":false},"excerpt":{"rendered":"<p>Vortexin 10&#215;26 Vanquish -kiikari on kompakti ja monipuolinen optiikka, joka soveltuu yleiseen k\u00e4ytt\u00f6\u00f6n, koska siin\u00e4 on k\u00e4\u00e4nteinen Porro-prismamalli ja t\u00e4ysin monikerroksiset linssit, jotka takaavat kirkkaan ja ter\u00e4v\u00e4n kuvan. Vanquish voi tarkentaa kohteisiin, jotka ovat niinkin l\u00e4hell\u00e4 kuin 7,6 jalkaa perhosten tai luonnonkukkien katselua varten, kun taas 10-kertaisella suurennoksella voidaan tuoda n\u00e4kyviin kaukaisia yksityiskohtia. Niiss\u00e4 on kierrett\u00e4v\u00e4t silm\u00e4lasikupit silm\u00e4lasien asentamista varten ja nupitettu, helppok\u00e4ytt\u00f6inen keskitarkennuspy\u00f6r\u00e4. Oikeassa okulaarissa on diopteris\u00e4\u00e4t\u00f6 k\u00e4ytt\u00e4j\u00e4n silmien erojen selvitt\u00e4miseksi. O-rengastiivisteiset ja typpipuhdistetut kiikarit ovat veden-, p\u00f6lyn- ja sumunpit\u00e4vi\u00e4, ja niiden kumipanssarointi suojaa koteloa ja tarjoaa miellytt\u00e4v\u00e4n ja turvallisen otteen.<\/p>\n","protected":false},"featured_media":64011,"template":"","meta":{"_acf_changed":false},"product_brand":[],"product_cat":[750],"product_tag":[],"class_list":{"0":"post-64335","1":"product","2":"type-product","3":"status-publish","4":"has-post-thumbnail","6":"product_cat-kiikarit","8":"first","9":"instock","10":"purchasable","11":"product-type-simple"},"acf":[],"_links":{"self":[{"href":"https:\/\/kingarms.ee\/fi\/wp-json\/wp\/v2\/product\/64335","targetHints":{"allow":["GET"]}}],"collection":[{"href":"https:\/\/kingarms.ee\/fi\/wp-json\/wp\/v2\/product"}],"about":[{"href":"https:\/\/kingarms.ee\/fi\/wp-json\/wp\/v2\/types\/product"}],"wp:featuredmedia":[{"embeddable":true,"href":"https:\/\/kingarms.ee\/fi\/wp-json\/wp\/v2\/media\/64011"}],"wp:attachment":[{"href":"https:\/\/kingarms.ee\/fi\/wp-json\/wp\/v2\/media?parent=64335"}],"wp:term":[{"taxonomy":"product_brand","embeddable":true,"href":"https:\/\/kingarms.ee\/fi\/wp-json\/wp\/v2\/product_brand?post=64335"},{"taxonomy":"product_cat","embeddable":true,"href":"https:\/\/kingarms.ee\/fi\/wp-json\/wp\/v2\/product_cat?post=64335"},{"taxonomy":"product_tag","embeddable":true,"href":"https:\/\/kingarms.ee\/fi\/wp-json\/wp\/v2\/product_tag?post=64335"}],"curies":[{"name":"wp","href":"https:\/\/api.w.org\/{rel}","templated":true}]}}