{"id":64340,"date":"2022-10-17T15:47:10","date_gmt":"2022-10-17T13:21:30","guid":{"rendered":"https:\/\/kingarms.ee\/product\/lyhty-valkoinen-thermacell\/"},"modified":"2024-08-08T12:35:43","modified_gmt":"2024-08-08T09:35:43","slug":"lyhty-valkoinen-thermacell","status":"publish","type":"product","link":"https:\/\/kingarms.ee\/fi\/product\/lyhty-valkoinen-thermacell\/","title":{"rendered":"Lyhty valkoinen  [Thermacell]"},"content":{"rendered":"","protected":false},"excerpt":{"rendered":"<p>Lyhty valkoinen [Thermacell]<\/p>\n<p>Thermacell Bristol Mosquito Repellent Lantern karkottaa hyttyset ja hy\u00f6nteiset tehokkaasti luomalla 21 m2:n suojavy\u00f6hykkeen. Sen valaiseva valo ja koristeellinen muotoilu koristavat t\u00e4ydellisesti terassia tai terassia, ja se sopii erinomaisesti k\u00e4ytett\u00e4v\u00e4ksi vieraiden viihdytt\u00e4misess\u00e4, puutarhanhoidossa, retkeilyss\u00e4, takapihalla ja muualla.<br \/>\nKaunis koristeellinen hyttyskarkotin on kevyt, kannettava ja helppok\u00e4ytt\u00f6inen. Sit\u00e4 voidaan k\u00e4ytt\u00e4\u00e4 l\u00e4hes miss\u00e4 tahansa ulkona karkottamaan \u00e4rsytt\u00e4vi\u00e4 hyttysi\u00e4, hy\u00f6nteisi\u00e4 ja tuholaisia, ja se pys\u00e4ytt\u00e4\u00e4 ne ennen kuin ne ehtiv\u00e4t purra tai h\u00e4irit\u00e4 sinua. Se on paras kumppanisi ulkoiluun. Voit luopua sotkuisista kemiallisista suihkeista ja voiteista, mik\u00e4 tekee el\u00e4m\u00e4st\u00e4si mukavampaa ja miellytt\u00e4v\u00e4mp\u00e4\u00e4.<\/p>\n","protected":false},"featured_media":64043,"template":"","meta":{"_acf_changed":false},"product_brand":[],"product_cat":[352],"product_tag":[],"class_list":{"0":"post-64340","1":"product","2":"type-product","3":"status-publish","4":"has-post-thumbnail","6":"product_cat-matkatavarat","8":"first","9":"instock","10":"purchasable","11":"product-type-simple"},"acf":[],"_links":{"self":[{"href":"https:\/\/kingarms.ee\/fi\/wp-json\/wp\/v2\/product\/64340","targetHints":{"allow":["GET"]}}],"collection":[{"href":"https:\/\/kingarms.ee\/fi\/wp-json\/wp\/v2\/product"}],"about":[{"href":"https:\/\/kingarms.ee\/fi\/wp-json\/wp\/v2\/types\/product"}],"wp:featuredmedia":[{"embeddable":true,"href":"https:\/\/kingarms.ee\/fi\/wp-json\/wp\/v2\/media\/64043"}],"wp:attachment":[{"href":"https:\/\/kingarms.ee\/fi\/wp-json\/wp\/v2\/media?parent=64340"}],"wp:term":[{"taxonomy":"product_brand","embeddable":true,"href":"https:\/\/kingarms.ee\/fi\/wp-json\/wp\/v2\/product_brand?post=64340"},{"taxonomy":"product_cat","embeddable":true,"href":"https:\/\/kingarms.ee\/fi\/wp-json\/wp\/v2\/product_cat?post=64340"},{"taxonomy":"product_tag","embeddable":true,"href":"https:\/\/kingarms.ee\/fi\/wp-json\/wp\/v2\/product_tag?post=64340"}],"curies":[{"name":"wp","href":"https:\/\/api.w.org\/{rel}","templated":true}]}}