{"id":64343,"date":"2022-10-17T15:47:10","date_gmt":"2022-10-17T13:21:30","guid":{"rendered":"https:\/\/kingarms.ee\/product\/adapterin-kiinnitys-leapes\/"},"modified":"2024-08-08T12:36:24","modified_gmt":"2024-08-08T09:36:24","slug":"adapteri-mount-leapes","status":"publish","type":"product","link":"https:\/\/kingarms.ee\/fi\/product\/adapteri-mount-leapes\/","title":{"rendered":"Adapterin kiinnitys  [Leapes]"},"content":{"rendered":"","protected":false},"excerpt":{"rendered":"<p>Yhteensopiva useimpien 9mm &#8211; 11mm, litteiden tai py\u00f6ristettyjen, ilma- tai haulikkoasekiskojen kanssa.<br \/>\nTakaiskun kest\u00e4v\u00e4 pys\u00e4ytystappi auttaa nollapisteen s\u00e4ilytt\u00e4misess\u00e4 jousik\u00e4ytt\u00f6isille ilma-aseille tyypillist\u00e4 kaksisuuntaista takaiskuvoimaa vastaan.<br \/>\nTarkkuuskoneistettu lentokoneen luokan alumiinista ja viimeistelty mattamustalla kovalla anodisoinnilla.<\/p>\n","protected":false},"featured_media":64091,"template":"","meta":{"_acf_changed":false},"product_brand":[],"product_cat":[737],"product_tag":[],"class_list":{"0":"post-64343","1":"product","2":"type-product","3":"status-publish","4":"has-post-thumbnail","6":"product_cat-lupaukset-fi","8":"first","9":"onbackorder","10":"product-type-simple"},"acf":[],"_links":{"self":[{"href":"https:\/\/kingarms.ee\/fi\/wp-json\/wp\/v2\/product\/64343","targetHints":{"allow":["GET"]}}],"collection":[{"href":"https:\/\/kingarms.ee\/fi\/wp-json\/wp\/v2\/product"}],"about":[{"href":"https:\/\/kingarms.ee\/fi\/wp-json\/wp\/v2\/types\/product"}],"wp:featuredmedia":[{"embeddable":true,"href":"https:\/\/kingarms.ee\/fi\/wp-json\/wp\/v2\/media\/64091"}],"wp:attachment":[{"href":"https:\/\/kingarms.ee\/fi\/wp-json\/wp\/v2\/media?parent=64343"}],"wp:term":[{"taxonomy":"product_brand","embeddable":true,"href":"https:\/\/kingarms.ee\/fi\/wp-json\/wp\/v2\/product_brand?post=64343"},{"taxonomy":"product_cat","embeddable":true,"href":"https:\/\/kingarms.ee\/fi\/wp-json\/wp\/v2\/product_cat?post=64343"},{"taxonomy":"product_tag","embeddable":true,"href":"https:\/\/kingarms.ee\/fi\/wp-json\/wp\/v2\/product_tag?post=64343"}],"curies":[{"name":"wp","href":"https:\/\/api.w.org\/{rel}","templated":true}]}}