{"id":64347,"date":"2022-10-17T15:47:10","date_gmt":"2022-10-17T13:21:31","guid":{"rendered":"https:\/\/kingarms.ee\/product\/kiikarit-raptor-vortex\/"},"modified":"2024-08-08T12:37:47","modified_gmt":"2024-08-08T09:37:47","slug":"kiikarit-raptor-vortex","status":"publish","type":"product","link":"https:\/\/kingarms.ee\/fi\/product\/kiikarit-raptor-vortex\/","title":{"rendered":"Kiikarit Raptor  [Vortex]"},"content":{"rendered":"","protected":false},"excerpt":{"rendered":"<p>Vortex Opticsin 8,5&#215;32 Raptor -kiikarit tarjoavat voimakkaan 8,5-kertaisen suurennoksen yhdistettyn\u00e4 suhteellisen laajaan 7,4\u00b0 n\u00e4k\u00f6kentt\u00e4\u00e4n veden- ja huurunkest\u00e4v\u00e4ss\u00e4 kotelossa. Porroprismarakenteensa ansiosta ne antavat erityisen kolmiulotteisen kuvan, koska objektiivien et\u00e4isyys on suurempi kuin silmien v\u00e4linen et\u00e4isyys. T\u00e4m\u00e4n yksik\u00f6n hyvin lyhyt 50 mm:n silmienv\u00e4linen v\u00e4himm\u00e4iset\u00e4isyys tarkoittaa, ett\u00e4 ne sopivat erinomaisesti lapsille ja nuorille, joilla on usein vaikeuksia saada yksitt\u00e4ist\u00e4 ympyr\u00e4nmuotoista kuvaa tavallisista kiikareista, joiden silmienv\u00e4linen v\u00e4himm\u00e4iset\u00e4isyys on pidempi. Loistava valinta stadionin urheilutapahtumien katseluun.<\/p>\n","protected":false},"featured_media":64023,"template":"","meta":{"_acf_changed":false},"product_brand":[],"product_cat":[750],"product_tag":[],"class_list":{"0":"post-64347","1":"product","2":"type-product","3":"status-publish","4":"has-post-thumbnail","6":"product_cat-kiikarit","8":"first","9":"instock","10":"purchasable","11":"product-type-simple"},"acf":[],"_links":{"self":[{"href":"https:\/\/kingarms.ee\/fi\/wp-json\/wp\/v2\/product\/64347","targetHints":{"allow":["GET"]}}],"collection":[{"href":"https:\/\/kingarms.ee\/fi\/wp-json\/wp\/v2\/product"}],"about":[{"href":"https:\/\/kingarms.ee\/fi\/wp-json\/wp\/v2\/types\/product"}],"wp:featuredmedia":[{"embeddable":true,"href":"https:\/\/kingarms.ee\/fi\/wp-json\/wp\/v2\/media\/64023"}],"wp:attachment":[{"href":"https:\/\/kingarms.ee\/fi\/wp-json\/wp\/v2\/media?parent=64347"}],"wp:term":[{"taxonomy":"product_brand","embeddable":true,"href":"https:\/\/kingarms.ee\/fi\/wp-json\/wp\/v2\/product_brand?post=64347"},{"taxonomy":"product_cat","embeddable":true,"href":"https:\/\/kingarms.ee\/fi\/wp-json\/wp\/v2\/product_cat?post=64347"},{"taxonomy":"product_tag","embeddable":true,"href":"https:\/\/kingarms.ee\/fi\/wp-json\/wp\/v2\/product_tag?post=64347"}],"curies":[{"name":"wp","href":"https:\/\/api.w.org\/{rel}","templated":true}]}}