{"id":64359,"date":"2022-10-17T15:47:10","date_gmt":"2022-10-17T13:21:31","guid":{"rendered":"https:\/\/kingarms.ee\/product\/strikefire-ii-punainen-punainen-tahtain-vortex\/"},"modified":"2024-08-08T12:39:55","modified_gmt":"2024-08-08T09:39:55","slug":"strikefire-ii-red-red-scope-vortex-2","status":"publish","type":"product","link":"https:\/\/kingarms.ee\/fi\/product\/strikefire-ii-red-red-scope-vortex-2\/","title":{"rendered":"StrikeFire II punainen punainen t\u00e4ht\u00e4in  [Vortex]"},"content":{"rendered":"","protected":false},"excerpt":{"rendered":"<p>Kun tilanteet vaativat sekunnin murto-osassa tapahtuvaa maalintekoa ja maksimaalista n\u00e4k\u00f6kentt\u00e4\u00e4, kiinnit\u00e4 Strikefire II ja ammu. Verrattuna pienempiin punapisteserkkuihinsa, kuten SPARCiin tai Crossfireen, Strikefire II:n suurempi objektiivi ja 30 mm:n putken muotoilu tarjoavat suuremman n\u00e4k\u00f6kent\u00e4n ja mahdollistavat sen asentamisen l\u00e4hes mille tahansa korkeudelle k\u00e4ytt\u00e4en yleisimpi\u00e4 30 mm:n renkaita. 4 MOA:n piste on helppo hankkia nopeasti, ja se on saatavana vain punaisena tai k\u00e4ytt\u00e4j\u00e4n valitsemana punaisena\/vihre\u00e4n\u00e4.<\/p>\n","protected":false},"featured_media":64055,"template":"","meta":{"_acf_changed":false},"product_brand":[],"product_cat":[660],"product_tag":[],"class_list":{"0":"post-64359","1":"product","2":"type-product","3":"status-publish","4":"has-post-thumbnail","6":"product_cat-punapistetahtaimet","8":"first","9":"instock","10":"sale","11":"purchasable","12":"product-type-simple"},"acf":[],"_links":{"self":[{"href":"https:\/\/kingarms.ee\/fi\/wp-json\/wp\/v2\/product\/64359","targetHints":{"allow":["GET"]}}],"collection":[{"href":"https:\/\/kingarms.ee\/fi\/wp-json\/wp\/v2\/product"}],"about":[{"href":"https:\/\/kingarms.ee\/fi\/wp-json\/wp\/v2\/types\/product"}],"wp:featuredmedia":[{"embeddable":true,"href":"https:\/\/kingarms.ee\/fi\/wp-json\/wp\/v2\/media\/64055"}],"wp:attachment":[{"href":"https:\/\/kingarms.ee\/fi\/wp-json\/wp\/v2\/media?parent=64359"}],"wp:term":[{"taxonomy":"product_brand","embeddable":true,"href":"https:\/\/kingarms.ee\/fi\/wp-json\/wp\/v2\/product_brand?post=64359"},{"taxonomy":"product_cat","embeddable":true,"href":"https:\/\/kingarms.ee\/fi\/wp-json\/wp\/v2\/product_cat?post=64359"},{"taxonomy":"product_tag","embeddable":true,"href":"https:\/\/kingarms.ee\/fi\/wp-json\/wp\/v2\/product_tag?post=64359"}],"curies":[{"name":"wp","href":"https:\/\/api.w.org\/{rel}","templated":true}]}}