{"id":64360,"date":"2022-10-17T15:47:10","date_gmt":"2022-10-17T13:21:31","guid":{"rendered":"https:\/\/kingarms.ee\/product\/monokulaari-solo-8x25-vortex\/"},"modified":"2024-08-08T12:40:37","modified_gmt":"2024-08-08T09:40:37","slug":"monokulaarinen-solo-8x25-vortex-monokulaari","status":"publish","type":"product","link":"https:\/\/kingarms.ee\/fi\/product\/monokulaarinen-solo-8x25-vortex-monokulaari\/","title":{"rendered":"Monokulaari Solo 8&#215;25  [Vortex]"},"content":{"rendered":"","protected":false},"excerpt":{"rendered":"<p>Monokulaari<\/p>\n<p>Vortexin 8&#215;25 Solo -monokulaari, jossa on voimakas suurennus, monipinnoitettu lasi ja elementtej\u00e4 kest\u00e4v\u00e4 kotelo, sopii lintujen tarkkailuun, vaellukselle, mets\u00e4stykseen, matkoille, n\u00e4ht\u00e4vyyksien katseluun, konsertteihin, urheiluun, teatteriin &#8211; minne tahansa, miss\u00e4 haluat n\u00e4hd\u00e4 kaukaisia yksityiskohtia. Sen 8-kertainen suurennos tuottaa tasaisen kuvan, ja vain 16,4-kertainen l\u00e4hitarkennuset\u00e4isyys tekee Solosta monipuolisen optiikan, jolla voi tarkkailla sek\u00e4 l\u00e4hell\u00e4 ett\u00e4 kaukana olevia kohteita. Sen kumipanssaroitu kotelo on O-rengastiivisteinen, jotta vesi ja p\u00f6ly pysyv\u00e4t poissa, ja se on puhdistettu typell\u00e4, jotta sis\u00e4inen huurtuminen estyy olosuhteista riippumatta. Ulkopuolen timanttinen nystyr\u00f6inti antaa miellytt\u00e4v\u00e4n ja turvallisen otteen, ja kierrett\u00e4v\u00e4 silm\u00e4kuppi ja 15 mm:n silm\u00e4net\u00e4isyys tekev\u00e4t monokulaarista mukavan k\u00e4ytt\u00e4\u00e4 silm\u00e4laseja k\u00e4ytt\u00e4ville. Se on kooltaan 4,4 x 2,2 tuumaa ja painaa alle 6 unssia, joten se on helppo pakata taskuun, k\u00e4silaukkuun, laukkuun tai hansikaslokeroon.<\/p>\n","protected":false},"featured_media":63995,"template":"","meta":{"_acf_changed":false},"product_brand":[],"product_cat":[751],"product_tag":[],"class_list":{"0":"post-64360","1":"product","2":"type-product","3":"status-publish","4":"has-post-thumbnail","6":"product_cat-monokeli","8":"first","9":"instock","10":"purchasable","11":"product-type-simple"},"acf":[],"_links":{"self":[{"href":"https:\/\/kingarms.ee\/fi\/wp-json\/wp\/v2\/product\/64360","targetHints":{"allow":["GET"]}}],"collection":[{"href":"https:\/\/kingarms.ee\/fi\/wp-json\/wp\/v2\/product"}],"about":[{"href":"https:\/\/kingarms.ee\/fi\/wp-json\/wp\/v2\/types\/product"}],"wp:featuredmedia":[{"embeddable":true,"href":"https:\/\/kingarms.ee\/fi\/wp-json\/wp\/v2\/media\/63995"}],"wp:attachment":[{"href":"https:\/\/kingarms.ee\/fi\/wp-json\/wp\/v2\/media?parent=64360"}],"wp:term":[{"taxonomy":"product_brand","embeddable":true,"href":"https:\/\/kingarms.ee\/fi\/wp-json\/wp\/v2\/product_brand?post=64360"},{"taxonomy":"product_cat","embeddable":true,"href":"https:\/\/kingarms.ee\/fi\/wp-json\/wp\/v2\/product_cat?post=64360"},{"taxonomy":"product_tag","embeddable":true,"href":"https:\/\/kingarms.ee\/fi\/wp-json\/wp\/v2\/product_tag?post=64360"}],"curies":[{"name":"wp","href":"https:\/\/api.w.org\/{rel}","templated":true}]}}