{"id":64365,"date":"2022-10-17T15:47:10","date_gmt":"2022-10-17T13:21:32","guid":{"rendered":"https:\/\/kingarms.ee\/product\/kiikarit-diamondback-hd-vortex\/"},"modified":"2024-08-08T12:41:21","modified_gmt":"2024-08-08T09:41:21","slug":"kiikarit-diamondback-hd-vortex","status":"publish","type":"product","link":"https:\/\/kingarms.ee\/fi\/product\/kiikarit-diamondback-hd-vortex\/","title":{"rendered":"Kiikarit Diamondback HD  [Vortex]"},"content":{"rendered":"","protected":false},"excerpt":{"rendered":"<p>Vortexin 10&#215;28 Diamondback HD -kiikari on monipuolinen optiikka, joka soveltuu monenlaiseen k\u00e4ytt\u00f6\u00f6n, sill\u00e4 siin\u00e4 on ter\u00e4v\u00e4piirtoinen optinen j\u00e4rjestelm\u00e4, kevyt magnesiumseoskotelo ja voimakas suurennus kaukaisia yksityiskohtia varten.Diamondback HD -kiikarissa on minimaalinen kromaattinen aberraatio, poikkeuksellinen v\u00e4riuskollisuus, reunasta reunaan ulottuva ter\u00e4vyys ja optimaalinen valonl\u00e4p\u00e4isy k\u00e4ytt\u00e4m\u00e4ll\u00e4 ter\u00e4v\u00e4piirtolasia, indeksiin sovitettua linssikokoonpanoa, XR Plus -linssipinnoitteita ja dielektrisesti pinnoitettuja, vaihekorjaavia kattoprismoja. Minimitarkennus on lintuyst\u00e4v\u00e4llinen 6 jalkaa. Linssit on suojattu naarmuilta, \u00f6ljylt\u00e4 ja p\u00f6lylt\u00e4 ArmorTek-ulko-objektiivipinnoitteella.<\/p>\n","protected":false},"featured_media":64031,"template":"","meta":{"_acf_changed":false},"product_brand":[],"product_cat":[750],"product_tag":[],"class_list":{"0":"post-64365","1":"product","2":"type-product","3":"status-publish","4":"has-post-thumbnail","6":"product_cat-kiikarit","8":"first","9":"instock","10":"purchasable","11":"product-type-simple"},"acf":[],"_links":{"self":[{"href":"https:\/\/kingarms.ee\/fi\/wp-json\/wp\/v2\/product\/64365","targetHints":{"allow":["GET"]}}],"collection":[{"href":"https:\/\/kingarms.ee\/fi\/wp-json\/wp\/v2\/product"}],"about":[{"href":"https:\/\/kingarms.ee\/fi\/wp-json\/wp\/v2\/types\/product"}],"wp:featuredmedia":[{"embeddable":true,"href":"https:\/\/kingarms.ee\/fi\/wp-json\/wp\/v2\/media\/64031"}],"wp:attachment":[{"href":"https:\/\/kingarms.ee\/fi\/wp-json\/wp\/v2\/media?parent=64365"}],"wp:term":[{"taxonomy":"product_brand","embeddable":true,"href":"https:\/\/kingarms.ee\/fi\/wp-json\/wp\/v2\/product_brand?post=64365"},{"taxonomy":"product_cat","embeddable":true,"href":"https:\/\/kingarms.ee\/fi\/wp-json\/wp\/v2\/product_cat?post=64365"},{"taxonomy":"product_tag","embeddable":true,"href":"https:\/\/kingarms.ee\/fi\/wp-json\/wp\/v2\/product_tag?post=64365"}],"curies":[{"name":"wp","href":"https:\/\/api.w.org\/{rel}","templated":true}]}}