{"id":64366,"date":"2022-10-17T15:47:10","date_gmt":"2022-10-17T13:21:32","guid":{"rendered":"https:\/\/kingarms.ee\/product\/vesipullo-750ml\/"},"modified":"2024-08-08T12:42:01","modified_gmt":"2024-08-08T09:42:01","slug":"vesipullo-750ml","status":"publish","type":"product","link":"https:\/\/kingarms.ee\/fi\/product\/vesipullo-750ml\/","title":{"rendered":"Vesipullo 750ml"},"content":{"rendered":"","protected":false},"excerpt":{"rendered":"<p>Vesipullo 750ml<\/p>\n<p>100 % BPA-vapaa ja hajun kest\u00e4v\u00e4 juomapullo sis\u00e4lt\u00e4\u00e4 750 ml nestett\u00e4, ja se sopii useimpiin py\u00f6r\u00e4ilyn pullokoteloihin, joten se on ihanteellinen py\u00f6r\u00e4ilyyn. T\u00e4m\u00e4 pullo soveltuu kuumille tai kylmille juomille, ja siin\u00e4 on yhden kosketuksen avausj\u00e4rjestelm\u00e4, jossa on suljettu lukitus, joka helpottaa k\u00e4ytt\u00f6\u00e4 ja antaa mielenrauhan vuotojen varalta. Ominaisuuksiin kuuluvat tasainen nestevirtaus nopeaa nesteytyst\u00e4 varten, &#8221;himme\u00e4&#8221; kahva ja kest\u00e4v\u00e4 kantorengas.<\/p>\n","protected":false},"featured_media":84279,"template":"","meta":{"_acf_changed":false},"product_brand":[],"product_cat":[352],"product_tag":[],"class_list":{"0":"post-64366","1":"product","2":"type-product","3":"status-publish","4":"has-post-thumbnail","6":"product_cat-matkatavarat","8":"first","9":"instock","10":"purchasable","11":"product-type-simple"},"acf":[],"_links":{"self":[{"href":"https:\/\/kingarms.ee\/fi\/wp-json\/wp\/v2\/product\/64366","targetHints":{"allow":["GET"]}}],"collection":[{"href":"https:\/\/kingarms.ee\/fi\/wp-json\/wp\/v2\/product"}],"about":[{"href":"https:\/\/kingarms.ee\/fi\/wp-json\/wp\/v2\/types\/product"}],"wp:featuredmedia":[{"embeddable":true,"href":"https:\/\/kingarms.ee\/fi\/wp-json\/wp\/v2\/media\/84279"}],"wp:attachment":[{"href":"https:\/\/kingarms.ee\/fi\/wp-json\/wp\/v2\/media?parent=64366"}],"wp:term":[{"taxonomy":"product_brand","embeddable":true,"href":"https:\/\/kingarms.ee\/fi\/wp-json\/wp\/v2\/product_brand?post=64366"},{"taxonomy":"product_cat","embeddable":true,"href":"https:\/\/kingarms.ee\/fi\/wp-json\/wp\/v2\/product_cat?post=64366"},{"taxonomy":"product_tag","embeddable":true,"href":"https:\/\/kingarms.ee\/fi\/wp-json\/wp\/v2\/product_tag?post=64366"}],"curies":[{"name":"wp","href":"https:\/\/api.w.org\/{rel}","templated":true}]}}