{"id":64690,"date":"2022-10-24T13:45:19","date_gmt":"2022-10-24T11:13:29","guid":{"rendered":"https:\/\/kingarms.ee\/product\/kumiluoteja-500-kpl-43-cal\/"},"modified":"2024-08-08T11:57:28","modified_gmt":"2024-08-08T08:57:28","slug":"rubber-bullets-500-pcs-43-cal","status":"publish","type":"product","link":"https:\/\/kingarms.ee\/fi\/product\/rubber-bullets-500-pcs-43-cal\/","title":{"rendered":"Kumiluoteja 500 kpl. .43 cal."},"content":{"rendered":"","protected":false},"excerpt":{"rendered":"<p>T4E Performance FAB .43 kumiluodit ovat Saksassa valmistettuja harjoituskumipatruunoita itsepuolustukseen, harjoitteluun ja taktiseen harjoitteluun RAM-merkkien kanssa. T4E Performance FAB -luodit on valmistettu suuritiheyksisest\u00e4 kovakumista, jolloin jokaisen kumiluodin paino on suurempi (jopa 0,89 g) ja kierrosten energia suurempi. Luodit k\u00e4sitell\u00e4\u00e4n tehtaalla talkilla, mik\u00e4 v\u00e4hent\u00e4\u00e4 kitkaa ja eliminoi piippuun juuttumisen riskin. Koska kimallus on suurta, suojalaseja suositellaan k\u00e4ytett\u00e4v\u00e4ksi harjoittelun aikana.<\/p>\n","protected":false},"featured_media":64672,"template":"","meta":{"_acf_changed":false},"product_brand":[],"product_cat":[535],"product_tag":[],"class_list":{"0":"post-64690","1":"product","2":"type-product","3":"status-publish","4":"has-post-thumbnail","6":"product_cat-kumipallot","8":"first","9":"onbackorder","10":"product-type-simple"},"acf":[],"_links":{"self":[{"href":"https:\/\/kingarms.ee\/fi\/wp-json\/wp\/v2\/product\/64690","targetHints":{"allow":["GET"]}}],"collection":[{"href":"https:\/\/kingarms.ee\/fi\/wp-json\/wp\/v2\/product"}],"about":[{"href":"https:\/\/kingarms.ee\/fi\/wp-json\/wp\/v2\/types\/product"}],"wp:featuredmedia":[{"embeddable":true,"href":"https:\/\/kingarms.ee\/fi\/wp-json\/wp\/v2\/media\/64672"}],"wp:attachment":[{"href":"https:\/\/kingarms.ee\/fi\/wp-json\/wp\/v2\/media?parent=64690"}],"wp:term":[{"taxonomy":"product_brand","embeddable":true,"href":"https:\/\/kingarms.ee\/fi\/wp-json\/wp\/v2\/product_brand?post=64690"},{"taxonomy":"product_cat","embeddable":true,"href":"https:\/\/kingarms.ee\/fi\/wp-json\/wp\/v2\/product_cat?post=64690"},{"taxonomy":"product_tag","embeddable":true,"href":"https:\/\/kingarms.ee\/fi\/wp-json\/wp\/v2\/product_tag?post=64690"}],"curies":[{"name":"wp","href":"https:\/\/api.w.org\/{rel}","templated":true}]}}