{"id":64703,"date":"2022-10-24T13:45:19","date_gmt":"2022-10-24T11:13:31","guid":{"rendered":"https:\/\/kingarms.ee\/product\/ram-revolverin-lipas-umarex\/"},"modified":"2024-08-08T11:59:37","modified_gmt":"2024-08-08T08:59:37","slug":"magazine-for-ram-revolver-umarex-2","status":"publish","type":"product","link":"https:\/\/kingarms.ee\/fi\/product\/magazine-for-ram-revolver-umarex-2\/","title":{"rendered":"RAM-revolverin lipas  [Umarex]"},"content":{"rendered":"","protected":false},"excerpt":{"rendered":"<p>Varalehti, jonka kapasiteetti on 6 luotia, omistettu Ram Umarex T4E HDR 50 revolverille.<\/p>\n<p>Lipas on valmistettu kevyest\u00e4, kest\u00e4v\u00e4st\u00e4 polymeerist\u00e4 ja metallista (pultti). Lipas sopii kaikkiin Umarex T4E HDR 50 -revolverissa k\u00e4ytett\u00e4viin luoteihin:<\/p>\n<p>kumiluoteja<br \/>\nkumi-metalliluodit<br \/>\npippuriluodit<br \/>\nruutiluoti<br \/>\ntarkkuusluodit<\/p>\n","protected":false},"featured_media":64640,"template":"","meta":{"_acf_changed":false},"product_brand":[],"product_cat":[531],"product_tag":[],"class_list":{"0":"post-64703","1":"product","2":"type-product","3":"status-publish","4":"has-post-thumbnail","6":"product_cat-t4e","8":"first","9":"instock","10":"sale","11":"purchasable","12":"product-type-simple"},"acf":[],"_links":{"self":[{"href":"https:\/\/kingarms.ee\/fi\/wp-json\/wp\/v2\/product\/64703","targetHints":{"allow":["GET"]}}],"collection":[{"href":"https:\/\/kingarms.ee\/fi\/wp-json\/wp\/v2\/product"}],"about":[{"href":"https:\/\/kingarms.ee\/fi\/wp-json\/wp\/v2\/types\/product"}],"wp:featuredmedia":[{"embeddable":true,"href":"https:\/\/kingarms.ee\/fi\/wp-json\/wp\/v2\/media\/64640"}],"wp:attachment":[{"href":"https:\/\/kingarms.ee\/fi\/wp-json\/wp\/v2\/media?parent=64703"}],"wp:term":[{"taxonomy":"product_brand","embeddable":true,"href":"https:\/\/kingarms.ee\/fi\/wp-json\/wp\/v2\/product_brand?post=64703"},{"taxonomy":"product_cat","embeddable":true,"href":"https:\/\/kingarms.ee\/fi\/wp-json\/wp\/v2\/product_cat?post=64703"},{"taxonomy":"product_tag","embeddable":true,"href":"https:\/\/kingarms.ee\/fi\/wp-json\/wp\/v2\/product_tag?post=64703"}],"curies":[{"name":"wp","href":"https:\/\/api.w.org\/{rel}","templated":true}]}}