{"id":64715,"date":"2022-10-24T13:45:19","date_gmt":"2022-10-24T11:13:32","guid":{"rendered":"https:\/\/kingarms.ee\/product\/e03r-led-taskulamppu-fenix\/"},"modified":"2024-08-08T12:01:05","modified_gmt":"2024-08-08T09:01:05","slug":"e03r-led-taskulamppu-fenix","status":"publish","type":"product","link":"https:\/\/kingarms.ee\/fi\/product\/e03r-led-taskulamppu-fenix\/","title":{"rendered":"E03R LED-taskulamppu  [Fenix]"},"content":{"rendered":"","protected":false},"excerpt":{"rendered":"<p>Fenix E03R -taskulamppu on yksi Fenix-merkin odotetuimmista uutuuksista t\u00e4n\u00e4 vuonna. Uuden mallin suunnittelijoiden ajatuksena oli luoda kevyt, taskukokoinen mutta tehokas taskulamppu, joka voi olla jatkuvasti mukana p\u00e4ivitt\u00e4isiss\u00e4 toimissamme.<\/p>\n<p>Tuloksena oli vain 22 grammaa painava, auton kaukos\u00e4\u00e4timen kokoinen valaisin, jonka 260 lumenin maksimivirta valaisee tilan yli 40 metrin et\u00e4isyydelt\u00e4.<\/p>\n","protected":false},"featured_media":64652,"template":"","meta":{"_acf_changed":false},"product_brand":[],"product_cat":[273],"product_tag":[],"class_list":{"0":"post-64715","1":"product","2":"type-product","3":"status-publish","4":"has-post-thumbnail","6":"product_cat-valaisimet","8":"first","9":"instock","10":"purchasable","11":"product-type-simple"},"acf":[],"_links":{"self":[{"href":"https:\/\/kingarms.ee\/fi\/wp-json\/wp\/v2\/product\/64715","targetHints":{"allow":["GET"]}}],"collection":[{"href":"https:\/\/kingarms.ee\/fi\/wp-json\/wp\/v2\/product"}],"about":[{"href":"https:\/\/kingarms.ee\/fi\/wp-json\/wp\/v2\/types\/product"}],"wp:featuredmedia":[{"embeddable":true,"href":"https:\/\/kingarms.ee\/fi\/wp-json\/wp\/v2\/media\/64652"}],"wp:attachment":[{"href":"https:\/\/kingarms.ee\/fi\/wp-json\/wp\/v2\/media?parent=64715"}],"wp:term":[{"taxonomy":"product_brand","embeddable":true,"href":"https:\/\/kingarms.ee\/fi\/wp-json\/wp\/v2\/product_brand?post=64715"},{"taxonomy":"product_cat","embeddable":true,"href":"https:\/\/kingarms.ee\/fi\/wp-json\/wp\/v2\/product_cat?post=64715"},{"taxonomy":"product_tag","embeddable":true,"href":"https:\/\/kingarms.ee\/fi\/wp-json\/wp\/v2\/product_tag?post=64715"}],"curies":[{"name":"wp","href":"https:\/\/api.w.org\/{rel}","templated":true}]}}