{"id":64721,"date":"2022-10-24T13:45:19","date_gmt":"2022-10-24T11:13:33","guid":{"rendered":"https:\/\/kingarms.ee\/product\/voimalaitos-500-watt-614-wh-xtorm\/"},"modified":"2024-08-08T12:02:34","modified_gmt":"2024-08-08T09:02:34","slug":"power-station-500-watt-614-wh-xtorm-2","status":"publish","type":"product","link":"https:\/\/kingarms.ee\/fi\/product\/power-station-500-watt-614-wh-xtorm-2\/","title":{"rendered":"Voimalaitos 500 Watt 614 Wh  [Xtorm]"},"content":{"rendered":"","protected":false},"excerpt":{"rendered":"<p>Kapasiteetti: 192000 MAh<br \/>\nTeho: 500 W<br \/>\nPituus: 19 cm<br \/>\nLeveys: 32 cm<br \/>\nKorkeus: 20 cm<br \/>\nPaino: 9450 g<br \/>\nTulotyyppi: 6,5 mm DC-portti.<br \/>\nL\u00e4ht\u00f6tyyppi: 5,5 mm DC, USB-A, USB-A pikalataus 3.0, 5,5 mm DC<br \/>\nUlosk\u00e4yntien m\u00e4\u00e4r\u00e4: 9<br \/>\nMateriaali: PC, ABS<br \/>\nAkun latausaika: 5,3 h<\/p>\n","protected":false},"featured_media":64564,"template":"","meta":{"_acf_changed":false},"product_brand":[],"product_cat":[539],"product_tag":[],"class_list":{"0":"post-64721","1":"product","2":"type-product","3":"status-publish","4":"has-post-thumbnail","6":"product_cat-power-bank-fi","8":"first","9":"instock","10":"sale","11":"purchasable","12":"product-type-simple"},"acf":[],"_links":{"self":[{"href":"https:\/\/kingarms.ee\/fi\/wp-json\/wp\/v2\/product\/64721","targetHints":{"allow":["GET"]}}],"collection":[{"href":"https:\/\/kingarms.ee\/fi\/wp-json\/wp\/v2\/product"}],"about":[{"href":"https:\/\/kingarms.ee\/fi\/wp-json\/wp\/v2\/types\/product"}],"wp:featuredmedia":[{"embeddable":true,"href":"https:\/\/kingarms.ee\/fi\/wp-json\/wp\/v2\/media\/64564"}],"wp:attachment":[{"href":"https:\/\/kingarms.ee\/fi\/wp-json\/wp\/v2\/media?parent=64721"}],"wp:term":[{"taxonomy":"product_brand","embeddable":true,"href":"https:\/\/kingarms.ee\/fi\/wp-json\/wp\/v2\/product_brand?post=64721"},{"taxonomy":"product_cat","embeddable":true,"href":"https:\/\/kingarms.ee\/fi\/wp-json\/wp\/v2\/product_cat?post=64721"},{"taxonomy":"product_tag","embeddable":true,"href":"https:\/\/kingarms.ee\/fi\/wp-json\/wp\/v2\/product_tag?post=64721"}],"curies":[{"name":"wp","href":"https:\/\/api.w.org\/{rel}","templated":true}]}}