{"id":65255,"date":"2022-10-26T23:45:44","date_gmt":"2022-10-26T20:53:38","guid":{"rendered":"https:\/\/kingarms.ee\/product\/asennusrengas-matala-profiili-30mm-vector-optics\/"},"modified":"2024-08-08T11:49:42","modified_gmt":"2024-08-08T08:49:42","slug":"mount-rengas-matalaprofiilinen-30mm-vektorioptiikka-mount-ring-low-profile-30mm-vector-optics","status":"publish","type":"product","link":"https:\/\/kingarms.ee\/fi\/product\/mount-rengas-matalaprofiilinen-30mm-vektorioptiikka-mount-ring-low-profile-30mm-vector-optics\/","title":{"rendered":"Asennusrengas matala profiili &#8211; 30mm  [VECTOR OPTICS]"},"content":{"rendered":"","protected":false},"excerpt":{"rendered":"<p>VECTOR OPTICS<\/p>\n<p>Kiinnitysrenkaat halkaisijaltaan 30 mm:n optiselle t\u00e4ht\u00e4imelle. Valmistettu korkealaatuisesta 6061-T6-alumiinista, kest\u00e4v\u00e4ss\u00e4 mattamustassa viimeistelyss\u00e4. Sopii sek\u00e4 Picatinny- ett\u00e4 Weaver 21mm -kiskoihin, suunniteltu oikeille ampuma-aseille.<\/p>\n","protected":false},"featured_media":65231,"template":"","meta":{"_acf_changed":false},"product_brand":[],"product_cat":[739],"product_tag":[],"class_list":{"0":"post-65255","1":"product","2":"type-product","3":"status-publish","4":"has-post-thumbnail","6":"product_cat-sormukset-fi","8":"first","9":"instock","10":"purchasable","11":"product-type-simple"},"acf":[],"_links":{"self":[{"href":"https:\/\/kingarms.ee\/fi\/wp-json\/wp\/v2\/product\/65255","targetHints":{"allow":["GET"]}}],"collection":[{"href":"https:\/\/kingarms.ee\/fi\/wp-json\/wp\/v2\/product"}],"about":[{"href":"https:\/\/kingarms.ee\/fi\/wp-json\/wp\/v2\/types\/product"}],"wp:featuredmedia":[{"embeddable":true,"href":"https:\/\/kingarms.ee\/fi\/wp-json\/wp\/v2\/media\/65231"}],"wp:attachment":[{"href":"https:\/\/kingarms.ee\/fi\/wp-json\/wp\/v2\/media?parent=65255"}],"wp:term":[{"taxonomy":"product_brand","embeddable":true,"href":"https:\/\/kingarms.ee\/fi\/wp-json\/wp\/v2\/product_brand?post=65255"},{"taxonomy":"product_cat","embeddable":true,"href":"https:\/\/kingarms.ee\/fi\/wp-json\/wp\/v2\/product_cat?post=65255"},{"taxonomy":"product_tag","embeddable":true,"href":"https:\/\/kingarms.ee\/fi\/wp-json\/wp\/v2\/product_tag?post=65255"}],"curies":[{"name":"wp","href":"https:\/\/api.w.org\/{rel}","templated":true}]}}